{"id":101010,"date":"2025-11-08T12:50:07","date_gmt":"2025-11-08T11:50:07","guid":{"rendered":"https:\/\/geovinum.fr\/product\/carte-des-vignobles-du-canada-poster\/"},"modified":"2026-04-12T12:48:56","modified_gmt":"2026-04-12T10:48:56","slug":"carte-des-vignobles-du-canada-poster","status":"publish","type":"product","link":"https:\/\/geovinum.fr\/en\/product\/carte-des-vignobles-du-canada-poster\/","title":{"rendered":"Carte des Vignobles du Canada \u2013 Poster"},"content":{"rendered":"<h3>Canada : Le frisson du Nouveau Nord \ud83c\udf41\ud83c\udf47<\/h3>\n<p>\u00ab Canada : l\u00e0 o\u00f9 le vin capte la fra\u00eecheur, la lumi\u00e8re nordique et les grands espaces. \u00bb<\/p>\n<p>&nbsp;<\/p>\n<p>Bienvenue d\u2019un oc\u00e9an \u00e0 l\u2019autre, l\u00e0 o\u00f9 les vignes se faufilent entre lacs, montagnes et c\u00f4tes atlantiques, pour signer des vins libres, pr\u00e9cis et vibrants.<\/p>\n<p>&nbsp;<\/p>\n<p>Le Canada, ce sont des contrastes puissants :<\/p>\n<p>vall\u00e9es glaciaires baign\u00e9es de soleil, rives de grands lacs, caps battus par les vents\u2026<\/p>\n<p>et partout, des vignobles qui r\u00e9inventent l\u2019aventure viticole avec cr\u00e9ativit\u00e9 et authenticit\u00e9. \ud83c\udf04\ud83c\udf77<\/p>\n<p>&nbsp;<\/p>\n<p>Je me souviens encore de ma premi\u00e8re rencontre avec ces vins :<\/p>\n<p>un Icewine dor\u00e9 de Niagara,<\/p>\n<p>un Pinot Noir fin et tendu de l\u2019Okanagan,<\/p>\n<p>un Chardonnay cisel\u00e9 de Prince Edward County,<\/p>\n<p>un effervescent salin venu de Nouvelle-\u00c9cosse\u2026<\/p>\n<p>\u00c0 chaque verre, un choc de puret\u00e9, d\u2019\u00e9nergie, de libert\u00e9.<\/p>\n<p>&nbsp;<\/p>\n<p>Et cette carte ?<\/p>\n<p>C\u2019est un hommage \u00e0 ces terres pionni\u00e8res, une invitation \u00e0 voyager de l\u2019Okanagan \u00e0 la vall\u00e9e de l\u2019Annapolis, de la p\u00e9ninsule du Niagara aux Cantons-de-l\u2019Est, en passant par le Similkameen, le comt\u00e9 de Prince Edward et l\u2019\u00eele de Vancouver.<\/p>\n","protected":false},"excerpt":{"rendered":"<h3>Canada : Le frisson du Nouveau Nord \ud83c\udf41\ud83c\udf47<\/h3>\n<p>\u00ab Canada : l\u00e0 o\u00f9 le vin capte la fra\u00eecheur, la lumi\u00e8re nordique et les grands espaces. \u00bb<\/p>\n<p>Bienvenue d\u2019un oc\u00e9an \u00e0 l\u2019autre, l\u00e0 o\u00f9 les vignes se faufilent entre lacs, montagnes et c\u00f4tes atlantiques, pour signer des vins libres, pr\u00e9cis et vibrants.<\/p>\n<p><strong>Le Canada, ce sont des contrastes puissants :<\/strong><\/p>\n<p>vall\u00e9es glaciaires baign\u00e9es de soleil, rives de grands lacs, caps battus par les vents\u2026<\/p>\n<p>et partout, des vignobles qui r\u00e9inventent l\u2019aventure viticole avec cr\u00e9ativit\u00e9 et authenticit\u00e9. \ud83c\udf04\ud83c\udf77<\/p>\n<p><strong>Je me souviens encore de ma premi\u00e8re rencontre avec ces vins :<\/strong><\/p>\n<p>un Icewine dor\u00e9 de Niagara,<\/p>\n<p>un Pinot Noir fin et tendu de l\u2019Okanagan,<\/p>\n<p>un Chardonnay cisel\u00e9 de Prince Edward County,<\/p>\n<p>un effervescent salin venu de Nouvelle-\u00c9cosse\u2026<\/p>\n<p>\u00c0 chaque verre, un choc de puret\u00e9, d\u2019\u00e9nergie, de libert\u00e9.<\/p>\n<p><strong>Et cette carte ?<\/strong><\/p>\n<p>C\u2019est un hommage \u00e0 ces terres pionni\u00e8res, une invitation \u00e0 voyager de l\u2019Okanagan \u00e0 la vall\u00e9e de l\u2019Annapolis, de la p\u00e9ninsule du Niagara aux Cantons-de-l\u2019Est, en passant par le Similkameen, le comt\u00e9 de Prince Edward et l\u2019\u00eele de Vancouver.<\/p>\n","protected":false},"featured_media":101009,"comment_status":"open","ping_status":"closed","template":"","meta":{"_et_pb_use_builder":"","_et_pb_old_content":"","_et_gb_content_width":""},"product_brand":[],"product_cat":[56,347,306],"product_tag":[235],"class_list":{"0":"post-101010","1":"product","2":"type-product","3":"status-publish","4":"has-post-thumbnail","6":"product_cat-canada","7":"product_cat-cartes-viticoles","8":"product_cat-monde","9":"product_tag-poster","11":"first","12":"instock","13":"taxable","14":"shipping-taxable","15":"purchasable","16":"product-type-variable"},"yoast_head":"<!-- This site is optimized with the Yoast SEO plugin v27.3 - https:\/\/yoast.com\/product\/yoast-seo-wordpress\/ -->\n<title>Carte des Vignobles du Canada \u2013 Poster &#8902; geoVINUM<\/title>\n<meta name=\"robots\" content=\"index, follow, max-snippet:-1, max-image-preview:large, max-video-preview:-1\" \/>\n<link rel=\"canonical\" href=\"https:\/\/geovinum.fr\/product\/carte-des-vignobles-du-canada-poster\/\" \/>\n<meta property=\"og:locale\" content=\"en_US\" \/>\n<meta property=\"og:type\" content=\"article\" \/>\n<meta property=\"og:title\" content=\"Carte des Vignobles du Canada \u2013 Poster &#8902; geoVINUM\" \/>\n<meta property=\"og:description\" content=\"Canada : Le frisson du Nouveau Nord \ud83c\udf41\ud83c\udf47 \u00ab Canada : l\u00e0 o\u00f9 le vin capte la fra\u00eecheur, la lumi\u00e8re nordique et les grands espaces. \u00bb  Bienvenue d\u2019un oc\u00e9an \u00e0 l\u2019autre, l\u00e0 o\u00f9 les vignes se faufilent entre lacs, montagnes et c\u00f4tes atlantiques, pour signer des vins libres, pr\u00e9cis et vibrants.  Le Canada, ce sont des contrastes puissants :  vall\u00e9es glaciaires baign\u00e9es de soleil, rives de grands lacs, caps battus par les vents\u2026  et partout, des vignobles qui r\u00e9inventent l\u2019aventure viticole avec cr\u00e9ativit\u00e9 et authenticit\u00e9. \ud83c\udf04\ud83c\udf77  Je me souviens encore de ma premi\u00e8re rencontre avec ces vins :  un Icewine dor\u00e9 de Niagara,  un Pinot Noir fin et tendu de l\u2019Okanagan,  un Chardonnay cisel\u00e9 de Prince Edward County,  un effervescent salin venu de Nouvelle-\u00c9cosse\u2026  \u00c0 chaque verre, un choc de puret\u00e9, d\u2019\u00e9nergie, de libert\u00e9.  Et cette carte ?  C\u2019est un hommage \u00e0 ces terres pionni\u00e8res, une invitation \u00e0 voyager de l\u2019Okanagan \u00e0 la vall\u00e9e de l\u2019Annapolis, de la p\u00e9ninsule du Niagara aux Cantons-de-l\u2019Est, en passant par le Similkameen, le comt\u00e9 de Prince Edward et l\u2019\u00eele de Vancouver.\" \/>\n<meta property=\"og:url\" content=\"https:\/\/geovinum.fr\/product\/carte-des-vignobles-du-canada-poster\/\" \/>\n<meta property=\"og:site_name\" content=\"geoVINUM\" \/>\n<meta property=\"article:modified_time\" content=\"2026-04-12T10:48:56+00:00\" \/>\n<meta property=\"og:image\" content=\"https:\/\/geovinum.fr\/wp-content\/uploads\/30e766d7-e8fb-4afe-a25e-fe5b05ecc36b.jpg\" \/>\n\t<meta property=\"og:image:width\" content=\"2048\" \/>\n\t<meta property=\"og:image:height\" content=\"2048\" \/>\n\t<meta property=\"og:image:type\" content=\"image\/jpeg\" \/>\n<meta name=\"twitter:card\" content=\"summary_large_image\" \/>\n<meta name=\"twitter:label1\" content=\"Est. reading time\" \/>\n\t<meta name=\"twitter:data1\" content=\"2 minutes\" \/>\n<script type=\"application\/ld+json\" class=\"yoast-schema-graph\">{\"@context\":\"https:\\\/\\\/schema.org\",\"@graph\":[{\"@type\":\"WebPage\",\"@id\":\"https:\\\/\\\/geovinum.fr\\\/product\\\/carte-des-vignobles-du-canada-poster\\\/\",\"url\":\"https:\\\/\\\/geovinum.fr\\\/product\\\/carte-des-vignobles-du-canada-poster\\\/\",\"name\":\"Carte des Vignobles du Canada \u2013 Poster &#8902; geoVINUM\",\"isPartOf\":{\"@id\":\"https:\\\/\\\/geovinum.fr\\\/#website\"},\"primaryImageOfPage\":{\"@id\":\"https:\\\/\\\/geovinum.fr\\\/product\\\/carte-des-vignobles-du-canada-poster\\\/#primaryimage\"},\"image\":{\"@id\":\"https:\\\/\\\/geovinum.fr\\\/product\\\/carte-des-vignobles-du-canada-poster\\\/#primaryimage\"},\"thumbnailUrl\":\"https:\\\/\\\/geovinum.fr\\\/wp-content\\\/uploads\\\/30e766d7-e8fb-4afe-a25e-fe5b05ecc36b.jpg\",\"datePublished\":\"2025-11-08T11:50:07+00:00\",\"dateModified\":\"2026-04-12T10:48:56+00:00\",\"breadcrumb\":{\"@id\":\"https:\\\/\\\/geovinum.fr\\\/product\\\/carte-des-vignobles-du-canada-poster\\\/#breadcrumb\"},\"inLanguage\":\"en-US\",\"potentialAction\":[{\"@type\":\"ReadAction\",\"target\":[\"https:\\\/\\\/geovinum.fr\\\/product\\\/carte-des-vignobles-du-canada-poster\\\/\"]}]},{\"@type\":\"ImageObject\",\"inLanguage\":\"en-US\",\"@id\":\"https:\\\/\\\/geovinum.fr\\\/product\\\/carte-des-vignobles-du-canada-poster\\\/#primaryimage\",\"url\":\"https:\\\/\\\/geovinum.fr\\\/wp-content\\\/uploads\\\/30e766d7-e8fb-4afe-a25e-fe5b05ecc36b.jpg\",\"contentUrl\":\"https:\\\/\\\/geovinum.fr\\\/wp-content\\\/uploads\\\/30e766d7-e8fb-4afe-a25e-fe5b05ecc36b.jpg\",\"width\":2048,\"height\":2048,\"caption\":\"30e766d7-e8fb-4afe-a25e-fe5b05ecc36b\"},{\"@type\":\"BreadcrumbList\",\"@id\":\"https:\\\/\\\/geovinum.fr\\\/product\\\/carte-des-vignobles-du-canada-poster\\\/#breadcrumb\",\"itemListElement\":[{\"@type\":\"ListItem\",\"position\":1,\"name\":\"Accueil\",\"item\":\"https:\\\/\\\/geovinum.fr\\\/\"},{\"@type\":\"ListItem\",\"position\":2,\"name\":\"Boutique\",\"item\":\"https:\\\/\\\/geovinum.fr\\\/boutique\\\/\"},{\"@type\":\"ListItem\",\"position\":3,\"name\":\"Carte des Vignobles du Canada \u2013 Poster\"}]},{\"@type\":\"WebSite\",\"@id\":\"https:\\\/\\\/geovinum.fr\\\/#website\",\"url\":\"https:\\\/\\\/geovinum.fr\\\/\",\"name\":\"geoVINUM\",\"description\":\"Leader de la cartographie viticole \u00e0 360\u00b0\",\"publisher\":{\"@id\":\"https:\\\/\\\/geovinum.fr\\\/#organization\"},\"potentialAction\":[{\"@type\":\"SearchAction\",\"target\":{\"@type\":\"EntryPoint\",\"urlTemplate\":\"https:\\\/\\\/geovinum.fr\\\/?s={search_term_string}\"},\"query-input\":{\"@type\":\"PropertyValueSpecification\",\"valueRequired\":true,\"valueName\":\"search_term_string\"}}],\"inLanguage\":\"en-US\"},{\"@type\":\"Organization\",\"@id\":\"https:\\\/\\\/geovinum.fr\\\/#organization\",\"name\":\"geoVINUM\",\"url\":\"https:\\\/\\\/geovinum.fr\\\/\",\"logo\":{\"@type\":\"ImageObject\",\"inLanguage\":\"en-US\",\"@id\":\"https:\\\/\\\/geovinum.fr\\\/#\\\/schema\\\/logo\\\/image\\\/\",\"url\":\"https:\\\/\\\/geovinum.fr\\\/wp-content\\\/uploads\\\/2020\\\/04\\\/Favicon-GV.png\",\"contentUrl\":\"https:\\\/\\\/geovinum.fr\\\/wp-content\\\/uploads\\\/2020\\\/04\\\/Favicon-GV.png\",\"width\":513,\"height\":512,\"caption\":\"geoVINUM\"},\"image\":{\"@id\":\"https:\\\/\\\/geovinum.fr\\\/#\\\/schema\\\/logo\\\/image\\\/\"}}]}<\/script>\n<!-- \/ Yoast SEO plugin. -->","yoast_head_json":{"title":"Carte des Vignobles du Canada \u2013 Poster &#8902; geoVINUM","robots":{"index":"index","follow":"follow","max-snippet":"max-snippet:-1","max-image-preview":"max-image-preview:large","max-video-preview":"max-video-preview:-1"},"canonical":"https:\/\/geovinum.fr\/product\/carte-des-vignobles-du-canada-poster\/","og_locale":"en_US","og_type":"article","og_title":"Carte des Vignobles du Canada \u2013 Poster &#8902; geoVINUM","og_description":"Canada : Le frisson du Nouveau Nord \ud83c\udf41\ud83c\udf47 \u00ab Canada : l\u00e0 o\u00f9 le vin capte la fra\u00eecheur, la lumi\u00e8re nordique et les grands espaces. \u00bb  Bienvenue d\u2019un oc\u00e9an \u00e0 l\u2019autre, l\u00e0 o\u00f9 les vignes se faufilent entre lacs, montagnes et c\u00f4tes atlantiques, pour signer des vins libres, pr\u00e9cis et vibrants.  Le Canada, ce sont des contrastes puissants :  vall\u00e9es glaciaires baign\u00e9es de soleil, rives de grands lacs, caps battus par les vents\u2026  et partout, des vignobles qui r\u00e9inventent l\u2019aventure viticole avec cr\u00e9ativit\u00e9 et authenticit\u00e9. \ud83c\udf04\ud83c\udf77  Je me souviens encore de ma premi\u00e8re rencontre avec ces vins :  un Icewine dor\u00e9 de Niagara,  un Pinot Noir fin et tendu de l\u2019Okanagan,  un Chardonnay cisel\u00e9 de Prince Edward County,  un effervescent salin venu de Nouvelle-\u00c9cosse\u2026  \u00c0 chaque verre, un choc de puret\u00e9, d\u2019\u00e9nergie, de libert\u00e9.  Et cette carte ?  C\u2019est un hommage \u00e0 ces terres pionni\u00e8res, une invitation \u00e0 voyager de l\u2019Okanagan \u00e0 la vall\u00e9e de l\u2019Annapolis, de la p\u00e9ninsule du Niagara aux Cantons-de-l\u2019Est, en passant par le Similkameen, le comt\u00e9 de Prince Edward et l\u2019\u00eele de Vancouver.","og_url":"https:\/\/geovinum.fr\/product\/carte-des-vignobles-du-canada-poster\/","og_site_name":"geoVINUM","article_modified_time":"2026-04-12T10:48:56+00:00","og_image":[{"width":2048,"height":2048,"url":"https:\/\/geovinum.fr\/wp-content\/uploads\/30e766d7-e8fb-4afe-a25e-fe5b05ecc36b.jpg","type":"image\/jpeg"}],"twitter_card":"summary_large_image","twitter_misc":{"Est. reading time":"2 minutes"},"schema":{"@context":"https:\/\/schema.org","@graph":[{"@type":"WebPage","@id":"https:\/\/geovinum.fr\/product\/carte-des-vignobles-du-canada-poster\/","url":"https:\/\/geovinum.fr\/product\/carte-des-vignobles-du-canada-poster\/","name":"Carte des Vignobles du Canada \u2013 Poster &#8902; geoVINUM","isPartOf":{"@id":"https:\/\/geovinum.fr\/#website"},"primaryImageOfPage":{"@id":"https:\/\/geovinum.fr\/product\/carte-des-vignobles-du-canada-poster\/#primaryimage"},"image":{"@id":"https:\/\/geovinum.fr\/product\/carte-des-vignobles-du-canada-poster\/#primaryimage"},"thumbnailUrl":"https:\/\/geovinum.fr\/wp-content\/uploads\/30e766d7-e8fb-4afe-a25e-fe5b05ecc36b.jpg","datePublished":"2025-11-08T11:50:07+00:00","dateModified":"2026-04-12T10:48:56+00:00","breadcrumb":{"@id":"https:\/\/geovinum.fr\/product\/carte-des-vignobles-du-canada-poster\/#breadcrumb"},"inLanguage":"en-US","potentialAction":[{"@type":"ReadAction","target":["https:\/\/geovinum.fr\/product\/carte-des-vignobles-du-canada-poster\/"]}]},{"@type":"ImageObject","inLanguage":"en-US","@id":"https:\/\/geovinum.fr\/product\/carte-des-vignobles-du-canada-poster\/#primaryimage","url":"https:\/\/geovinum.fr\/wp-content\/uploads\/30e766d7-e8fb-4afe-a25e-fe5b05ecc36b.jpg","contentUrl":"https:\/\/geovinum.fr\/wp-content\/uploads\/30e766d7-e8fb-4afe-a25e-fe5b05ecc36b.jpg","width":2048,"height":2048,"caption":"30e766d7-e8fb-4afe-a25e-fe5b05ecc36b"},{"@type":"BreadcrumbList","@id":"https:\/\/geovinum.fr\/product\/carte-des-vignobles-du-canada-poster\/#breadcrumb","itemListElement":[{"@type":"ListItem","position":1,"name":"Accueil","item":"https:\/\/geovinum.fr\/"},{"@type":"ListItem","position":2,"name":"Boutique","item":"https:\/\/geovinum.fr\/boutique\/"},{"@type":"ListItem","position":3,"name":"Carte des Vignobles du Canada \u2013 Poster"}]},{"@type":"WebSite","@id":"https:\/\/geovinum.fr\/#website","url":"https:\/\/geovinum.fr\/","name":"geoVINUM","description":"Leader de la cartographie viticole \u00e0 360\u00b0","publisher":{"@id":"https:\/\/geovinum.fr\/#organization"},"potentialAction":[{"@type":"SearchAction","target":{"@type":"EntryPoint","urlTemplate":"https:\/\/geovinum.fr\/?s={search_term_string}"},"query-input":{"@type":"PropertyValueSpecification","valueRequired":true,"valueName":"search_term_string"}}],"inLanguage":"en-US"},{"@type":"Organization","@id":"https:\/\/geovinum.fr\/#organization","name":"geoVINUM","url":"https:\/\/geovinum.fr\/","logo":{"@type":"ImageObject","inLanguage":"en-US","@id":"https:\/\/geovinum.fr\/#\/schema\/logo\/image\/","url":"https:\/\/geovinum.fr\/wp-content\/uploads\/2020\/04\/Favicon-GV.png","contentUrl":"https:\/\/geovinum.fr\/wp-content\/uploads\/2020\/04\/Favicon-GV.png","width":513,"height":512,"caption":"geoVINUM"},"image":{"@id":"https:\/\/geovinum.fr\/#\/schema\/logo\/image\/"}}]}},"_links":{"self":[{"href":"https:\/\/geovinum.fr\/en\/wp-json\/wp\/v2\/product\/101010","targetHints":{"allow":["GET"]}}],"collection":[{"href":"https:\/\/geovinum.fr\/en\/wp-json\/wp\/v2\/product"}],"about":[{"href":"https:\/\/geovinum.fr\/en\/wp-json\/wp\/v2\/types\/product"}],"replies":[{"embeddable":true,"href":"https:\/\/geovinum.fr\/en\/wp-json\/wp\/v2\/comments?post=101010"}],"wp:featuredmedia":[{"embeddable":true,"href":"https:\/\/geovinum.fr\/en\/wp-json\/wp\/v2\/media\/101009"}],"wp:attachment":[{"href":"https:\/\/geovinum.fr\/en\/wp-json\/wp\/v2\/media?parent=101010"}],"wp:term":[{"taxonomy":"product_brand","embeddable":true,"href":"https:\/\/geovinum.fr\/en\/wp-json\/wp\/v2\/product_brand?post=101010"},{"taxonomy":"product_cat","embeddable":true,"href":"https:\/\/geovinum.fr\/en\/wp-json\/wp\/v2\/product_cat?post=101010"},{"taxonomy":"product_tag","embeddable":true,"href":"https:\/\/geovinum.fr\/en\/wp-json\/wp\/v2\/product_tag?post=101010"}],"curies":[{"name":"wp","href":"https:\/\/api.w.org\/{rel}","templated":true}]}}