{"id":93503,"date":"2021-06-04T09:55:54","date_gmt":"2021-06-04T09:55:54","guid":{"rendered":"https:\/\/dev.elicus.com\/divi-cart-pro\/?page_id=1332"},"modified":"2025-08-06T18:46:45","modified_gmt":"2025-08-06T16:46:45","slug":"nous-contacter","status":"publish","type":"page","link":"https:\/\/geovinum.fr\/en\/nous-contacter\/","title":{"rendered":"Nous contacter"},"content":{"rendered":"<p>[et_pb_section fb_built=&#8221;1&#8243; _builder_version=&#8221;4.27.4&#8243; _module_preset=&#8221;default&#8221; background_image=&#8221;https:\/\/geovinum.fr\/wp-content\/uploads\/geovinum-france.jpg&#8221; da_disable_devices=&#8221;off|off|off&#8221; locked=&#8221;off&#8221; global_colors_info=&#8221;{}&#8221; da_is_popup=&#8221;off&#8221; da_exit_intent=&#8221;off&#8221; da_has_close=&#8221;on&#8221; da_alt_close=&#8221;off&#8221; da_dark_close=&#8221;off&#8221; da_not_modal=&#8221;on&#8221; da_is_singular=&#8221;off&#8221; da_with_loader=&#8221;off&#8221; da_has_shadow=&#8221;on&#8221;][et_pb_row _builder_version=&#8221;4.16&#8243; _module_preset=&#8221;default&#8221; global_colors_info=&#8221;{}&#8221;][et_pb_column type=&#8221;4_4&#8243; _builder_version=&#8221;4.16&#8243; _module_preset=&#8221;default&#8221; global_colors_info=&#8221;{}&#8221;][et_pb_text admin_label=&#8221;Contact Us&#8221; _builder_version=&#8221;4.27.4&#8243; _module_preset=&#8221;default&#8221; header_font=&#8221;|700|||||||&#8221; header_font_size=&#8221;60px&#8221; text_orientation=&#8221;center&#8221; header_font_size_tablet=&#8221;40px&#8221; header_font_size_phone=&#8221;30px&#8221; header_font_size_last_edited=&#8221;on|phone&#8221; global_colors_info=&#8221;{}&#8221;]<\/p>\n<h1>Nous contacter<\/h1>\n<p>[\/et_pb_text][\/et_pb_column][\/et_pb_row][\/et_pb_section][et_pb_section fb_built=&#8221;1&#8243; _builder_version=&#8221;4.16&#8243; _module_preset=&#8221;default&#8221; da_disable_devices=&#8221;off|off|off&#8221; global_colors_info=&#8221;{}&#8221; da_is_popup=&#8221;off&#8221; da_exit_intent=&#8221;off&#8221; da_has_close=&#8221;on&#8221; da_alt_close=&#8221;off&#8221; da_dark_close=&#8221;off&#8221; da_not_modal=&#8221;on&#8221; da_is_singular=&#8221;off&#8221; da_with_loader=&#8221;off&#8221; da_has_shadow=&#8221;on&#8221;][et_pb_row column_structure=&#8221;2_3,1_3&#8243; make_equal=&#8221;on&#8221; _builder_version=&#8221;4.16&#8243; _module_preset=&#8221;default&#8221; global_colors_info=&#8221;{}&#8221;][et_pb_column type=&#8221;2_3&#8243; _builder_version=&#8221;4.16&#8243; _module_preset=&#8221;default&#8221; global_colors_info=&#8221;{}&#8221;][et_pb_text admin_label=&#8221;Send Us a Message&#8221; _builder_version=&#8221;4.27.4&#8243; _module_preset=&#8221;default&#8221; header_3_font_size=&#8221;30px&#8221; header_3_line_height=&#8221;1.3em&#8221; header_3_font_size_tablet=&#8221;24px&#8221; header_3_font_size_phone=&#8221;&#8221; header_3_font_size_last_edited=&#8221;on|tablet&#8221; global_colors_info=&#8221;{}&#8221;]<\/p>\n<h3>Nous envoyer un message<\/h3>\n<p>[\/et_pb_text][et_pb_contact_form _builder_version=&#8221;4.16&#8243; _module_preset=&#8221;default&#8221; _unique_id=&#8221;73df2892-6d79-4d3b-8ddd-a59d25d571dc&#8221; form_field_background_color=&#8221;rgba(255,255,255,0)&#8221; form_field_custom_padding=&#8221;0px|0px||0px|false|true&#8221; form_field_font_size=&#8221;16px&#8221; background_color=&#8221;#f7f7f7&#8243; custom_button=&#8221;on&#8221; button_use_icon=&#8221;off&#8221; button_custom_margin=&#8221;8px||||false|false&#8221; button_custom_padding=&#8221;10px|30px|10px|30px|true|true&#8221; custom_padding=&#8221;50px|50px|50px|50px|false|false&#8221; border_width_bottom=&#8221;1px&#8221; border_color_bottom=&#8221;#d1d1d1&#8243; global_colors_info=&#8221;{}&#8221;][et_pb_contact_field field_id=&#8221;Name&#8221; field_title=&#8221;Name&#8221; fullwidth_field=&#8221;on&#8221; _builder_version=&#8221;4.16&#8243; global_colors_info=&#8221;{}&#8221; button_text_size__hover_enabled=&#8221;off&#8221; button_one_text_size__hover_enabled=&#8221;off&#8221; button_two_text_size__hover_enabled=&#8221;off&#8221; button_text_color__hover_enabled=&#8221;off&#8221; button_one_text_color__hover_enabled=&#8221;off&#8221; button_two_text_color__hover_enabled=&#8221;off&#8221; button_border_width__hover_enabled=&#8221;off&#8221; button_one_border_width__hover_enabled=&#8221;off&#8221; button_two_border_width__hover_enabled=&#8221;off&#8221; button_border_color__hover_enabled=&#8221;off&#8221; button_one_border_color__hover_enabled=&#8221;off&#8221; button_two_border_color__hover_enabled=&#8221;off&#8221; button_border_radius__hover_enabled=&#8221;off&#8221; button_one_border_radius__hover_enabled=&#8221;off&#8221; button_two_border_radius__hover_enabled=&#8221;off&#8221; button_letter_spacing__hover_enabled=&#8221;off&#8221; button_one_letter_spacing__hover_enabled=&#8221;off&#8221; button_two_letter_spacing__hover_enabled=&#8221;off&#8221; button_bg_color__hover_enabled=&#8221;off&#8221; button_one_bg_color__hover_enabled=&#8221;off&#8221; button_two_bg_color__hover_enabled=&#8221;off&#8221;][\/et_pb_contact_field][et_pb_contact_field field_id=&#8221;Email&#8221; field_title=&#8221;Email Address&#8221; field_type=&#8221;email&#8221; fullwidth_field=&#8221;on&#8221; _builder_version=&#8221;4.16&#8243; global_colors_info=&#8221;{}&#8221; button_text_size__hover_enabled=&#8221;off&#8221; button_one_text_size__hover_enabled=&#8221;off&#8221; button_two_text_size__hover_enabled=&#8221;off&#8221; button_text_color__hover_enabled=&#8221;off&#8221; button_one_text_color__hover_enabled=&#8221;off&#8221; button_two_text_color__hover_enabled=&#8221;off&#8221; button_border_width__hover_enabled=&#8221;off&#8221; button_one_border_width__hover_enabled=&#8221;off&#8221; button_two_border_width__hover_enabled=&#8221;off&#8221; button_border_color__hover_enabled=&#8221;off&#8221; button_one_border_color__hover_enabled=&#8221;off&#8221; button_two_border_color__hover_enabled=&#8221;off&#8221; button_border_radius__hover_enabled=&#8221;off&#8221; button_one_border_radius__hover_enabled=&#8221;off&#8221; button_two_border_radius__hover_enabled=&#8221;off&#8221; button_letter_spacing__hover_enabled=&#8221;off&#8221; button_one_letter_spacing__hover_enabled=&#8221;off&#8221; button_two_letter_spacing__hover_enabled=&#8221;off&#8221; button_bg_color__hover_enabled=&#8221;off&#8221; button_one_bg_color__hover_enabled=&#8221;off&#8221; button_two_bg_color__hover_enabled=&#8221;off&#8221;][\/et_pb_contact_field][et_pb_contact_field field_id=&#8221;Message&#8221; field_title=&#8221;Message&#8221; field_type=&#8221;text&#8221; fullwidth_field=&#8221;on&#8221; _builder_version=&#8221;4.16&#8243; global_colors_info=&#8221;{}&#8221; button_text_size__hover_enabled=&#8221;off&#8221; button_one_text_size__hover_enabled=&#8221;off&#8221; button_two_text_size__hover_enabled=&#8221;off&#8221; button_text_color__hover_enabled=&#8221;off&#8221; button_one_text_color__hover_enabled=&#8221;off&#8221; button_two_text_color__hover_enabled=&#8221;off&#8221; button_border_width__hover_enabled=&#8221;off&#8221; button_one_border_width__hover_enabled=&#8221;off&#8221; button_two_border_width__hover_enabled=&#8221;off&#8221; button_border_color__hover_enabled=&#8221;off&#8221; button_one_border_color__hover_enabled=&#8221;off&#8221; button_two_border_color__hover_enabled=&#8221;off&#8221; button_border_radius__hover_enabled=&#8221;off&#8221; button_one_border_radius__hover_enabled=&#8221;off&#8221; button_two_border_radius__hover_enabled=&#8221;off&#8221; button_letter_spacing__hover_enabled=&#8221;off&#8221; button_one_letter_spacing__hover_enabled=&#8221;off&#8221; button_two_letter_spacing__hover_enabled=&#8221;off&#8221; button_bg_color__hover_enabled=&#8221;off&#8221; button_one_bg_color__hover_enabled=&#8221;off&#8221; button_two_bg_color__hover_enabled=&#8221;off&#8221;][\/et_pb_contact_field][\/et_pb_contact_form][\/et_pb_column][et_pb_column type=&#8221;1_3&#8243; _builder_version=&#8221;4.16&#8243; _module_preset=&#8221;default&#8221; global_colors_info=&#8221;{}&#8221;][et_pb_text admin_label=&#8221;Contact Info&#8221; _builder_version=&#8221;4.27.4&#8243; _module_preset=&#8221;default&#8221; header_3_font_size=&#8221;30px&#8221; header_3_line_height=&#8221;1.3em&#8221; header_3_font_size_tablet=&#8221;24px&#8221; header_3_font_size_phone=&#8221;&#8221; header_3_font_size_last_edited=&#8221;on|tablet&#8221; global_colors_info=&#8221;{}&#8221;]<\/p>\n<h3>Infos pour nous contacter<\/h3>\n<p>[\/et_pb_text][et_pb_blurb use_icon=&#8221;on&#8221; font_icon=&#8221;&#xe010;||divi||400&#8243; icon_color=&#8221;#FFFFFF&#8221; image_icon_background_color=&#8221;#CE1A5F&#8221; icon_placement=&#8221;left&#8221; image_icon_width=&#8221;20px&#8221; admin_label=&#8221;Email&#8221; _builder_version=&#8221;4.27.4&#8243; _module_preset=&#8221;default&#8221; body_font_size=&#8221;18px&#8221; image_icon_custom_padding=&#8221;8px|8px|8px|8px|false|false&#8221; custom_padding=&#8221;||10px||false|false&#8221; border_radii_image=&#8221;on|100%|100%|100%|100%&#8221; icon_font_size=&#8221;20px&#8221; use_circle=&#8221;on&#8221; global_colors_info=&#8221;{}&#8221; image_icon_background_color__sticky_enabled=&#8221;#d93b5f&#8221; image_icon_background_color__sticky=&#8221;#d93b5f&#8221;]<\/p>\n<p>hello@geovinum.fr<\/p>\n<p>[\/et_pb_blurb][et_pb_button button_url=&#8221;http:\/\/wa.me\/33660235665&#8243; url_new_window=&#8221;on&#8221; button_text=&#8221;Nous contacter via Whatsapp&#8221; _builder_version=&#8221;4.27.4&#8243; background_layout=&#8221;dark&#8221; animation_style=&#8221;slide&#8221; animation_direction=&#8221;bottom&#8221; hover_enabled=&#8221;0&#8243; global_colors_info=&#8221;{}&#8221; sticky_enabled=&#8221;0&#8243; locked=&#8221;off&#8221;][\/et_pb_button][\/et_pb_column][\/et_pb_row][et_pb_row _builder_version=&#8221;4.16&#8243; locked=&#8221;off&#8221; global_colors_info=&#8221;{}&#8221;][et_pb_column type=&#8221;4_4&#8243; _builder_version=&#8221;4.16&#8243; custom_padding=&#8221;|||&#8221; global_colors_info=&#8221;{}&#8221; custom_padding__hover=&#8221;|||&#8221;][et_pb_text _builder_version=&#8221;4.27.4&#8243; text_font=&#8221;||||||||&#8221; text_font_size=&#8221;18px&#8221; text_line_height=&#8221;1.9em&#8221; header_font=&#8221;|700|||||||&#8221; header_font_size=&#8221;40px&#8221; header_2_text_color=&#8221;#2E5067&#8243; header_2_font_size=&#8221;32px&#8221; header_3_font=&#8221;|700|||||||&#8221; header_3_font_size=&#8221;25px&#8221; header_3_line_height=&#8221;1.4em&#8221; custom_margin=&#8221;||&#8221; custom_margin_tablet=&#8221;||30px&#8221; custom_margin_last_edited=&#8221;off|desktop&#8221; locked=&#8221;off&#8221; global_colors_info=&#8221;{}&#8221;]<\/p>\n<h2 style=\"text-align: center;\"><strong>Plongez dans les coulisses de geoVINUM<\/strong><\/h2>\n<p>[\/et_pb_text][et_pb_text _builder_version=&#8221;4.27.4&#8243; text_font=&#8221;||||||||&#8221; text_font_size=&#8221;18px&#8221; text_line_height=&#8221;1.9em&#8221; header_font=&#8221;|700|||||||&#8221; header_font_size=&#8221;40px&#8221; header_2_font_size=&#8221;32px&#8221; header_3_font=&#8221;|700|||||||&#8221; header_3_font_size=&#8221;25px&#8221; header_3_line_height=&#8221;1.4em&#8221; header_4_font=&#8221;&#8211;et_global_body_font||||||||&#8221; header_4_text_color=&#8221;#CE1A5F&#8221; header_4_font_size=&#8221;17px&#8221; custom_margin=&#8221;||&#8221; custom_margin_tablet=&#8221;||30px&#8221; custom_margin_last_edited=&#8221;off|desktop&#8221; locked=&#8221;off&#8221; global_colors_info=&#8221;{}&#8221;]<\/p>\n<h4 style=\"text-align: center;\">suivez-nous sur les r\u00e9seaux sociaux et d\u00e9couvrez comment la passion,<\/h4>\n<h4 style=\"text-align: center;\">la technologie et la cartographie de pr\u00e9cision donnent vie \u00e0 nos cartes viticoles.<\/h4>\n<p>[\/et_pb_text][et_pb_social_media_follow icon_color=&#8221;#17263d&#8221; _builder_version=&#8221;4.27.4&#8243; z_index=&#8221;2&#8243; text_orientation=&#8221;center&#8221; custom_padding=&#8221;||30px||false|false&#8221; border_radii=&#8221;on|50px|50px|50px|50px&#8221; border_width_all=&#8221;10px&#8221; border_color_all=&#8221;rgba(0,0,0,0)&#8221; global_colors_info=&#8221;{}&#8221; icon_color__hover=&#8221;#000000&#8243;][et_pb_social_media_follow_network social_network=&#8221;facebook&#8221; url=&#8221;https:\/\/www.facebook.com\/geoVINUMbyEtOH&#8221; icon_color=&#8221;#F8F8F8&#8243; _builder_version=&#8221;4.27.4&#8243; background_color=&#8221;#CE1A5F&#8221; background_enable_color=&#8221;on&#8221; global_colors_info=&#8221;{}&#8221; follow_button=&#8221;off&#8221; url_new_window=&#8221;on&#8221;]facebook[\/et_pb_social_media_follow_network][et_pb_social_media_follow_network social_network=&#8221;twitter&#8221; url=&#8221;https:\/\/twitter.com\/geoVINUM&#8221; icon_color=&#8221;#F8F8F8&#8243; _builder_version=&#8221;4.27.4&#8243; background_color=&#8221;#CE1A5F&#8221; background_enable_color=&#8221;on&#8221; global_colors_info=&#8221;{}&#8221; follow_button=&#8221;off&#8221; url_new_window=&#8221;on&#8221;]twitter[\/et_pb_social_media_follow_network][et_pb_social_media_follow_network social_network=&#8221;instagram&#8221; url=&#8221;https:\/\/www.instagram.com\/geovinummaps&#8221; icon_color=&#8221;#F8F8F8&#8243; _builder_version=&#8221;4.27.4&#8243; background_color=&#8221;#CE1A5F&#8221; background_enable_color=&#8221;on&#8221; global_colors_info=&#8221;{}&#8221; follow_button=&#8221;off&#8221; url_new_window=&#8221;on&#8221;]instagram[\/et_pb_social_media_follow_network][et_pb_social_media_follow_network social_network=&#8221;pinterest&#8221; url=&#8221;https:\/\/www.pinterest.fr\/geoVINUMbyEtOH&#8221; icon_color=&#8221;#F8F8F8&#8243; _builder_version=&#8221;4.27.4&#8243; background_color=&#8221;#CE1A5F&#8221; background_enable_color=&#8221;on&#8221; global_colors_info=&#8221;{}&#8221; follow_button=&#8221;off&#8221; url_new_window=&#8221;on&#8221;]pinterest[\/et_pb_social_media_follow_network][et_pb_social_media_follow_network social_network=&#8221;linkedin&#8221; url=&#8221;https:\/\/www.linkedin.com\/company\/geovinum&#8221; icon_color=&#8221;#F8F8F8&#8243; _builder_version=&#8221;4.27.4&#8243; background_color=&#8221;#CE1A5F&#8221; background_enable_color=&#8221;on&#8221; global_colors_info=&#8221;{}&#8221; follow_button=&#8221;off&#8221; url_new_window=&#8221;on&#8221;]linkedin[\/et_pb_social_media_follow_network][et_pb_social_media_follow_network social_network=&#8221;youtube&#8221; url=&#8221;https:\/\/www.youtube.com\/channel\/UCrIZDOeOOVZHVtEgtLe2CVg%20&#8243; icon_color=&#8221;#F8F8F8&#8243; _builder_version=&#8221;4.27.4&#8243; background_color=&#8221;#CE1A5F&#8221; background_enable_color=&#8221;on&#8221; global_colors_info=&#8221;{}&#8221; follow_button=&#8221;off&#8221; url_new_window=&#8221;on&#8221;]youtube[\/et_pb_social_media_follow_network][et_pb_social_media_follow_network social_network=&#8221;google&#8221; url=&#8221;https:\/\/goo.gl\/maps\/c8kLPaq8UbVNuvL6A&#8221; icon_color=&#8221;#F8F8F8&#8243; _builder_version=&#8221;4.27.4&#8243; background_color=&#8221;#CE1A5F&#8221; background_enable_color=&#8221;on&#8221; global_colors_info=&#8221;{}&#8221; follow_button=&#8221;off&#8221; url_new_window=&#8221;on&#8221;]google[\/et_pb_social_media_follow_network][\/et_pb_social_media_follow][\/et_pb_column][\/et_pb_row][\/et_pb_section]<\/p>\n","protected":false},"excerpt":{"rendered":"<p>Nous contacterNous envoyer un messageInfos pour nous contacterhello@geovinum.frPlongez dans les coulisses de geoVINUMsuivez-nous sur les r\u00e9seaux sociaux et d\u00e9couvrez comment la passion, la technologie et la cartographie de pr\u00e9cision donnent vie \u00e0 nos cartes viticoles.<\/p>\n","protected":false},"author":1,"featured_media":0,"parent":0,"menu_order":0,"comment_status":"closed","ping_status":"closed","template":"","meta":{"_et_pb_use_builder":"on","_et_pb_old_content":"","_et_gb_content_width":"","footnotes":""},"class_list":["post-93503","page","type-page","status-publish","hentry"],"yoast_head":"<!-- This site is optimized with the Yoast SEO plugin v27.3 - https:\/\/yoast.com\/product\/yoast-seo-wordpress\/ -->\n<title>Nous contacter &#8902; geoVINUM<\/title>\n<meta name=\"robots\" content=\"index, follow, max-snippet:-1, max-image-preview:large, max-video-preview:-1\" \/>\n<link rel=\"canonical\" href=\"https:\/\/geovinum.fr\/nous-contacter\/\" \/>\n<meta property=\"og:locale\" content=\"en_US\" \/>\n<meta property=\"og:type\" content=\"article\" \/>\n<meta property=\"og:title\" content=\"Nous contacter &#8902; geoVINUM\" \/>\n<meta property=\"og:description\" content=\"Nous contacterNous envoyer un messageInfos pour nous contacterhello@geovinum.frPlongez dans les coulisses de geoVINUMsuivez-nous sur les r\u00e9seaux sociaux et d\u00e9couvrez comment la passion, la technologie et la cartographie de pr\u00e9cision donnent vie \u00e0 nos cartes viticoles.\" \/>\n<meta property=\"og:url\" content=\"https:\/\/geovinum.fr\/nous-contacter\/\" \/>\n<meta property=\"og:site_name\" content=\"geoVINUM\" \/>\n<meta property=\"article:modified_time\" content=\"2025-08-06T16:46:45+00:00\" \/>\n<meta name=\"twitter:card\" content=\"summary_large_image\" \/>\n<meta name=\"twitter:label1\" content=\"Est. reading time\" \/>\n\t<meta name=\"twitter:data1\" content=\"8 minutes\" \/>\n<script type=\"application\/ld+json\" class=\"yoast-schema-graph\">{\"@context\":\"https:\\\/\\\/schema.org\",\"@graph\":[{\"@type\":\"WebPage\",\"@id\":\"https:\\\/\\\/geovinum.fr\\\/nous-contacter\\\/\",\"url\":\"https:\\\/\\\/geovinum.fr\\\/nous-contacter\\\/\",\"name\":\"Nous contacter &#8902; geoVINUM\",\"isPartOf\":{\"@id\":\"https:\\\/\\\/geovinum.fr\\\/#website\"},\"datePublished\":\"2021-06-04T09:55:54+00:00\",\"dateModified\":\"2025-08-06T16:46:45+00:00\",\"breadcrumb\":{\"@id\":\"https:\\\/\\\/geovinum.fr\\\/nous-contacter\\\/#breadcrumb\"},\"inLanguage\":\"en-US\",\"potentialAction\":[{\"@type\":\"ReadAction\",\"target\":[\"https:\\\/\\\/geovinum.fr\\\/nous-contacter\\\/\"]}]},{\"@type\":\"BreadcrumbList\",\"@id\":\"https:\\\/\\\/geovinum.fr\\\/nous-contacter\\\/#breadcrumb\",\"itemListElement\":[{\"@type\":\"ListItem\",\"position\":1,\"name\":\"Accueil\",\"item\":\"https:\\\/\\\/geovinum.fr\\\/\"},{\"@type\":\"ListItem\",\"position\":2,\"name\":\"Nous contacter\"}]},{\"@type\":\"WebSite\",\"@id\":\"https:\\\/\\\/geovinum.fr\\\/#website\",\"url\":\"https:\\\/\\\/geovinum.fr\\\/\",\"name\":\"geoVINUM\",\"description\":\"Leader de la cartographie viticole \u00e0 360\u00b0\",\"publisher\":{\"@id\":\"https:\\\/\\\/geovinum.fr\\\/#organization\"},\"potentialAction\":[{\"@type\":\"SearchAction\",\"target\":{\"@type\":\"EntryPoint\",\"urlTemplate\":\"https:\\\/\\\/geovinum.fr\\\/?s={search_term_string}\"},\"query-input\":{\"@type\":\"PropertyValueSpecification\",\"valueRequired\":true,\"valueName\":\"search_term_string\"}}],\"inLanguage\":\"en-US\"},{\"@type\":\"Organization\",\"@id\":\"https:\\\/\\\/geovinum.fr\\\/#organization\",\"name\":\"geoVINUM\",\"url\":\"https:\\\/\\\/geovinum.fr\\\/\",\"logo\":{\"@type\":\"ImageObject\",\"inLanguage\":\"en-US\",\"@id\":\"https:\\\/\\\/geovinum.fr\\\/#\\\/schema\\\/logo\\\/image\\\/\",\"url\":\"https:\\\/\\\/geovinum.fr\\\/wp-content\\\/uploads\\\/2020\\\/04\\\/Favicon-GV.png\",\"contentUrl\":\"https:\\\/\\\/geovinum.fr\\\/wp-content\\\/uploads\\\/2020\\\/04\\\/Favicon-GV.png\",\"width\":513,\"height\":512,\"caption\":\"geoVINUM\"},\"image\":{\"@id\":\"https:\\\/\\\/geovinum.fr\\\/#\\\/schema\\\/logo\\\/image\\\/\"}}]}<\/script>\n<!-- \/ Yoast SEO plugin. -->","yoast_head_json":{"title":"Nous contacter &#8902; geoVINUM","robots":{"index":"index","follow":"follow","max-snippet":"max-snippet:-1","max-image-preview":"max-image-preview:large","max-video-preview":"max-video-preview:-1"},"canonical":"https:\/\/geovinum.fr\/nous-contacter\/","og_locale":"en_US","og_type":"article","og_title":"Nous contacter &#8902; geoVINUM","og_description":"Nous contacterNous envoyer un messageInfos pour nous contacterhello@geovinum.frPlongez dans les coulisses de geoVINUMsuivez-nous sur les r\u00e9seaux sociaux et d\u00e9couvrez comment la passion, la technologie et la cartographie de pr\u00e9cision donnent vie \u00e0 nos cartes viticoles.","og_url":"https:\/\/geovinum.fr\/nous-contacter\/","og_site_name":"geoVINUM","article_modified_time":"2025-08-06T16:46:45+00:00","twitter_card":"summary_large_image","twitter_misc":{"Est. reading time":"8 minutes"},"schema":{"@context":"https:\/\/schema.org","@graph":[{"@type":"WebPage","@id":"https:\/\/geovinum.fr\/nous-contacter\/","url":"https:\/\/geovinum.fr\/nous-contacter\/","name":"Nous contacter &#8902; geoVINUM","isPartOf":{"@id":"https:\/\/geovinum.fr\/#website"},"datePublished":"2021-06-04T09:55:54+00:00","dateModified":"2025-08-06T16:46:45+00:00","breadcrumb":{"@id":"https:\/\/geovinum.fr\/nous-contacter\/#breadcrumb"},"inLanguage":"en-US","potentialAction":[{"@type":"ReadAction","target":["https:\/\/geovinum.fr\/nous-contacter\/"]}]},{"@type":"BreadcrumbList","@id":"https:\/\/geovinum.fr\/nous-contacter\/#breadcrumb","itemListElement":[{"@type":"ListItem","position":1,"name":"Accueil","item":"https:\/\/geovinum.fr\/"},{"@type":"ListItem","position":2,"name":"Nous contacter"}]},{"@type":"WebSite","@id":"https:\/\/geovinum.fr\/#website","url":"https:\/\/geovinum.fr\/","name":"geoVINUM","description":"Leader de la cartographie viticole \u00e0 360\u00b0","publisher":{"@id":"https:\/\/geovinum.fr\/#organization"},"potentialAction":[{"@type":"SearchAction","target":{"@type":"EntryPoint","urlTemplate":"https:\/\/geovinum.fr\/?s={search_term_string}"},"query-input":{"@type":"PropertyValueSpecification","valueRequired":true,"valueName":"search_term_string"}}],"inLanguage":"en-US"},{"@type":"Organization","@id":"https:\/\/geovinum.fr\/#organization","name":"geoVINUM","url":"https:\/\/geovinum.fr\/","logo":{"@type":"ImageObject","inLanguage":"en-US","@id":"https:\/\/geovinum.fr\/#\/schema\/logo\/image\/","url":"https:\/\/geovinum.fr\/wp-content\/uploads\/2020\/04\/Favicon-GV.png","contentUrl":"https:\/\/geovinum.fr\/wp-content\/uploads\/2020\/04\/Favicon-GV.png","width":513,"height":512,"caption":"geoVINUM"},"image":{"@id":"https:\/\/geovinum.fr\/#\/schema\/logo\/image\/"}}]}},"_links":{"self":[{"href":"https:\/\/geovinum.fr\/en\/wp-json\/wp\/v2\/pages\/93503","targetHints":{"allow":["GET"]}}],"collection":[{"href":"https:\/\/geovinum.fr\/en\/wp-json\/wp\/v2\/pages"}],"about":[{"href":"https:\/\/geovinum.fr\/en\/wp-json\/wp\/v2\/types\/page"}],"author":[{"embeddable":true,"href":"https:\/\/geovinum.fr\/en\/wp-json\/wp\/v2\/users\/1"}],"replies":[{"embeddable":true,"href":"https:\/\/geovinum.fr\/en\/wp-json\/wp\/v2\/comments?post=93503"}],"version-history":[{"count":1,"href":"https:\/\/geovinum.fr\/en\/wp-json\/wp\/v2\/pages\/93503\/revisions"}],"predecessor-version":[{"id":100812,"href":"https:\/\/geovinum.fr\/en\/wp-json\/wp\/v2\/pages\/93503\/revisions\/100812"}],"wp:attachment":[{"href":"https:\/\/geovinum.fr\/en\/wp-json\/wp\/v2\/media?parent=93503"}],"curies":[{"name":"wp","href":"https:\/\/api.w.org\/{rel}","templated":true}]}}