{"id":3,"date":"2020-03-24T21:24:06","date_gmt":"2020-03-24T20:24:06","guid":{"rendered":"http:\/\/geovinum.fr\/?page_id=3"},"modified":"2025-08-08T14:24:46","modified_gmt":"2025-08-08T12:24:46","slug":"politique-confidentialite","status":"publish","type":"page","link":"https:\/\/geovinum.fr\/en\/politique-confidentialite\/","title":{"rendered":"Politique de confidentialit\u00e9"},"content":{"rendered":"<p>[et_pb_section fb_built=&#8221;1&#8243; _builder_version=&#8221;4.27.4&#8243; _module_preset=&#8221;default&#8221; background_position=&#8221;center_left&#8221; custom_padding=&#8221;21px||21px||true|false&#8221; hover_enabled=&#8221;0&#8243; locked=&#8221;off&#8221; global_colors_info=&#8221;{}&#8221; background_enable_image=&#8221;off&#8221; background_color=&#8221;#2E5067&#8243; sticky_enabled=&#8221;0&#8243; min_height=&#8221;272.6px&#8221;][et_pb_row _builder_version=&#8221;4.16&#8243; _module_preset=&#8221;default&#8221; global_colors_info=&#8221;{}&#8221;][et_pb_column type=&#8221;4_4&#8243; _builder_version=&#8221;4.16&#8243; _module_preset=&#8221;default&#8221; global_colors_info=&#8221;{}&#8221;][et_pb_text _builder_version=&#8221;4.27.4&#8243; _module_preset=&#8221;default&#8221; header_font=&#8221;|700|||||||&#8221; header_text_color=&#8221;#F8F8F8&#8243; header_font_size=&#8221;50px&#8221; hover_enabled=&#8221;0&#8243; header_font_size_tablet=&#8221;&#8221; header_font_size_phone=&#8221;30px&#8221; header_font_size_last_edited=&#8221;on|phone&#8221; global_colors_info=&#8221;{}&#8221; sticky_enabled=&#8221;0&#8243;]<\/p>\n<h1 style=\"text-align: center;\"><b>POLITIQUE DE CONFIDENTIALITE<\/b><\/h1>\n<p>[\/et_pb_text][\/et_pb_column][\/et_pb_row][\/et_pb_section][et_pb_section fb_built=&#8221;1&#8243; custom_padding_last_edited=&#8221;on|tablet&#8221; admin_label=&#8221;Promo&#8221; _builder_version=&#8221;4.17.3&#8243; custom_padding=&#8221;0px|200px|0px|200px|false|true&#8221; custom_padding_tablet=&#8221;0px|0px|0px|0px|false|true&#8221; custom_padding_phone=&#8221;&#8221; global_colors_info=&#8221;{}&#8221;][et_pb_row _builder_version=&#8221;4.16&#8243; locked=&#8221;off&#8221; global_colors_info=&#8221;{}&#8221;][et_pb_column type=&#8221;4_4&#8243; _builder_version=&#8221;4.16&#8243; custom_padding=&#8221;|||&#8221; global_colors_info=&#8221;{}&#8221; custom_padding__hover=&#8221;|||&#8221;][et_pb_text _builder_version=&#8221;4.27.4&#8243; header_2_text_color=&#8221;#CE1A5F&#8221; header_2_font_size=&#8221;30px&#8221; text_orientation=&#8221;justified&#8221; hover_enabled=&#8221;0&#8243; locked=&#8221;off&#8221; global_colors_info=&#8221;{}&#8221; sticky_enabled=&#8221;0&#8243;]<\/p>\n<p data-start=\"219\" data-end=\"258\">Version en vigueur au 1er Ao\u00fbt 2025<\/p>\n<h2 data-start=\"260\" data-end=\"304\">1. \u00c9diteur et responsable du traitement<\/h2>\n<p data-start=\"305\" data-end=\"845\">Le site geovinum.fr est \u00e9dit\u00e9 par ETOH, soci\u00e9t\u00e9 par actions simplifi\u00e9e au capital social de 51 000 \u20ac, dont le si\u00e8ge social est situ\u00e9 9 Rue des Colonnes, 75002 Paris, France. Elle est immatricul\u00e9e au Registre du Commerce et des Soci\u00e9t\u00e9s de Paris sous le num\u00e9ro 828 397 745 et dispose du num\u00e9ro de TVA intracommunautaire FR91828397745. Sa pr\u00e9sidente est Audrey SOUSA CHAILLET. ETOH est responsable de la collecte et du traitement des donn\u00e9es personnelles effectu\u00e9s via le site. Vous pouvez contacter l\u2019\u00e9diteur \u00e0 l\u2019adresse <a data-start=\"825\" data-end=\"842\" class=\"cursor-pointer\" rel=\"noopener\">hello@geovinum.fr<\/a>.<\/p>\n<p data-start=\"305\" data-end=\"845\">\n<h2 data-start=\"847\" data-end=\"866\">2. D\u00e9finitions<\/h2>\n<p data-start=\"867\" data-end=\"1258\">Dans le cadre de la pr\u00e9sente politique, une donn\u00e9e personnelle d\u00e9signe toute information permettant de vous identifier directement ou indirectement. Le traitement d\u00e9signe toute op\u00e9ration effectu\u00e9e sur des donn\u00e9es personnelles, comme la collecte, l\u2019enregistrement, la conservation ou la transmission. L\u2019utilisateur ou le client d\u00e9signe toute personne acc\u00e9dant au site ou y passant commande.<\/p>\n<p data-start=\"867\" data-end=\"1258\">\n<h2 data-start=\"1260\" data-end=\"1286\">3. Donn\u00e9es collect\u00e9es<\/h2>\n<p data-start=\"1287\" data-end=\"2101\">ETOH applique le principe de minimisation et ne collecte que les donn\u00e9es strictement n\u00e9cessaires aux finalit\u00e9s pr\u00e9vues. Lorsque vous cr\u00e9ez un compte ou passez commande, vous pouvez \u00eatre amen\u00e9 \u00e0 fournir votre nom, votre pr\u00e9nom, votre adresse postale, votre adresse e-mail, votre num\u00e9ro de t\u00e9l\u00e9phone, vos informations de facturation et de livraison ainsi que l\u2019historique de vos commandes. Lors de votre navigation sur le site, certaines donn\u00e9es sont collect\u00e9es automatiquement, comme votre adresse IP, le type et la version de votre navigateur, votre syst\u00e8me d\u2019exploitation et vos donn\u00e9es de navigation (pages consult\u00e9es, clics, dur\u00e9e de consultation) \u00e0 l\u2019aide de cookies et d\u2019outils d\u2019analyse. Les donn\u00e9es de paiement sont collect\u00e9es exclusivement par le prestataire Stripe et ne sont jamais conserv\u00e9es par ETOH.<\/p>\n<p data-start=\"1287\" data-end=\"2101\">\n<h2 data-start=\"2103\" data-end=\"2137\">4. Finalit\u00e9s et bases l\u00e9gales<\/h2>\n<p data-start=\"2138\" data-end=\"2718\">Vos donn\u00e9es sont trait\u00e9es afin de permettre le traitement et la livraison des commandes, la cr\u00e9ation et la gestion de votre compte client, l\u2019\u00e9mission de factures et le respect des obligations l\u00e9gales en mati\u00e8re comptable et fiscale, l\u2019envoi d\u2019e-mails transactionnels li\u00e9s \u00e0 votre commande, l\u2019envoi de newsletters lorsque vous y avez consenti, l\u2019\u00e9laboration de statistiques afin d\u2019am\u00e9liorer le site et la gestion des litiges et impay\u00e9s. Les bases l\u00e9gales de ces traitements sont l\u2019ex\u00e9cution d\u2019un contrat, le respect d\u2019une obligation l\u00e9gale, le consentement et l\u2019int\u00e9r\u00eat l\u00e9gitime.<\/p>\n<p data-start=\"2138\" data-end=\"2718\">\n<h2 data-start=\"2720\" data-end=\"2753\">5. Destinataires des donn\u00e9es<\/h2>\n<p data-start=\"2754\" data-end=\"3308\">Les donn\u00e9es collect\u00e9es peuvent \u00eatre transmises uniquement aux prestataires intervenant pour le compte d\u2019ETOH dans le cadre des finalit\u00e9s pr\u00e9vues. L\u2019h\u00e9bergement est assur\u00e9 par Kinsta Inc. aux \u00c9tats-Unis, le paiement par Stripe Payments Europe Ltd en Irlande et Stripe Inc. aux \u00c9tats-Unis, la solution e-commerce est fournie par Woocommerce aux \u00c9tats-Unis et la gestion des e-mails et du CRM par Brevo en France. Les transporteurs comme La Poste, Colissimo, Chronopost, UPS ou DHL peuvent \u00e9galement recevoir vos coordonn\u00e9es pour effectuer les livraisons.<\/p>\n<p data-start=\"2754\" data-end=\"3308\">\n<h2 data-start=\"3310\" data-end=\"3350\">6. Transferts hors Union Europ\u00e9enne<\/h2>\n<p data-start=\"3351\" data-end=\"3605\">Certains prestataires, comme Kinsta, Stripe ou Woocommerce, sont situ\u00e9s aux \u00c9tats-Unis. Ces transferts de donn\u00e9es sont encadr\u00e9s par les clauses contractuelles types adopt\u00e9es par la Commission europ\u00e9enne afin de garantir un niveau de protection ad\u00e9quat.<\/p>\n<p data-start=\"3351\" data-end=\"3605\">\n<h2 data-start=\"3607\" data-end=\"3636\">7. Dur\u00e9e de conservation<\/h2>\n<p data-start=\"3637\" data-end=\"4039\">Les donn\u00e9es li\u00e9es \u00e0 un compte client sont conserv\u00e9es trois ans apr\u00e8s la derni\u00e8re activit\u00e9. Les donn\u00e9es de facturation sont conserv\u00e9es dix ans conform\u00e9ment aux obligations l\u00e9gales. Les donn\u00e9es de commande sont conserv\u00e9es cinq ans apr\u00e8s la transaction. Les cookies sont conserv\u00e9s treize mois au maximum. Les donn\u00e9es li\u00e9es \u00e0 l\u2019envoi de newsletters sont conserv\u00e9es jusqu\u2019\u00e0 ce que vous vous d\u00e9sinscriviez.<\/p>\n<p data-start=\"3637\" data-end=\"4039\">\n<h2 data-start=\"4041\" data-end=\"4056\">8. Cookies<\/h2>\n<p data-start=\"4057\" data-end=\"4396\">Le site utilise des cookies afin de faciliter la navigation, m\u00e9moriser vos pr\u00e9f\u00e9rences, mesurer l\u2019audience et proposer des contenus adapt\u00e9s. Vous pouvez param\u00e9trer vos pr\u00e9f\u00e9rences via le bandeau d\u2019information affich\u00e9 lors de votre premi\u00e8re visite. Les informations d\u00e9taill\u00e9es figurent dans la politique de cookies disponible sur le site.<\/p>\n<p data-start=\"4057\" data-end=\"4396\">\n<h2 data-start=\"4398\" data-end=\"4414\">9. S\u00e9curit\u00e9<\/h2>\n<p data-start=\"4415\" data-end=\"4727\">ETOH met en \u0153uvre toutes les mesures techniques et organisationnelles raisonnables pour prot\u00e9ger vos donn\u00e9es, comme le chiffrement des communications, le contr\u00f4le des acc\u00e8s et l\u2019usage de pare-feu. Les prestataires sont contractuellement tenus de garantir la confidentialit\u00e9 et la s\u00e9curit\u00e9 des donn\u00e9es trait\u00e9es.<\/p>\n<p data-start=\"4415\" data-end=\"4727\">\n<h2 data-start=\"4729\" data-end=\"4748\">10. Vos droits<\/h2>\n<p data-start=\"4749\" data-end=\"5121\">Conform\u00e9ment au RGPD et \u00e0 la loi Informatique et Libert\u00e9s, vous disposez d\u2019un droit d\u2019acc\u00e8s, de rectification, d\u2019effacement, de limitation, d\u2019opposition et de portabilit\u00e9 de vos donn\u00e9es personnelles. Vous pouvez exercer ces droits en envoyant un message \u00e0 <a data-start=\"5005\" data-end=\"5016\" class=\"cursor-pointer\" rel=\"noopener\">dpo@etoh.fr<\/a> ou un courrier au si\u00e8ge social d\u2019ETOH. Une r\u00e9ponse vous sera adress\u00e9e dans un d\u00e9lai maximal d\u2019un mois.<\/p>\n<p data-start=\"4749\" data-end=\"5121\">\n<h2 data-start=\"5123\" data-end=\"5139\">11. Recours<\/h2>\n<p data-start=\"5140\" data-end=\"5326\">Si vous estimez que vos droits ne sont pas respect\u00e9s, vous pouvez introduire une r\u00e9clamation aupr\u00e8s de la CNIL via <a data-start=\"5255\" data-end=\"5266\" rel=\"noopener\" target=\"_new\" class=\"cursor-pointer\">www.cnil.fr<\/a> ou contacter toute autre autorit\u00e9 de contr\u00f4le comp\u00e9tente.<\/p>\n<p data-start=\"5140\" data-end=\"5326\">\n<h2 data-start=\"5328\" data-end=\"5365\">12. Modification de la politique<\/h2>\n<p data-start=\"5366\" data-end=\"5555\">ETOH se r\u00e9serve le droit de modifier la pr\u00e9sente politique \u00e0 tout moment. La date de mise \u00e0 jour figurera en en-t\u00eate et la nouvelle version sera applicable d\u00e8s sa publication sur le site.<\/p>\n<p>[\/et_pb_text][\/et_pb_column][\/et_pb_row][\/et_pb_section]<\/p>\n","protected":false},"excerpt":{"rendered":"<p>POLITIQUE DE CONFIDENTIALITEVersion en vigueur au 1er Ao\u00fbt 2025 1. \u00c9diteur et responsable du traitement Le site geovinum.fr est \u00e9dit\u00e9 par ETOH, soci\u00e9t\u00e9 par actions simplifi\u00e9e au capital social de 51 000 \u20ac, dont le si\u00e8ge social est situ\u00e9 9 Rue des Colonnes, 75002 Paris, France. Elle est immatricul\u00e9e au Registre du Commerce et des [&hellip;]<\/p>\n","protected":false},"author":4,"featured_media":18075,"parent":0,"menu_order":0,"comment_status":"closed","ping_status":"closed","template":"","meta":{"_et_pb_use_builder":"on","_et_pb_old_content":"<!-- wp:heading -->\n<h2>Who we are<\/h2>\n<!-- \/wp:heading -->\n\n<!-- wp:paragraph -->\n<p>Our website address is: http:\/\/geovinum.fr.<\/p>\n<!-- \/wp:paragraph -->\n\n<!-- wp:heading -->\n<h2>What personal data we collect and why we collect it<\/h2>\n<!-- \/wp:heading -->\n\n<!-- wp:heading {\"level\":3} -->\n<h3>Comments<\/h3>\n<!-- \/wp:heading -->\n\n<!-- wp:paragraph -->\n<p>When visitors leave comments on the site we collect the data shown in the comments form, and also the visitor\u2019s IP address and browser user agent string to help spam detection.<\/p>\n<!-- \/wp:paragraph -->\n\n<!-- wp:paragraph -->\n<p>An anonymized string created from your email address (also called a hash) may be provided to the Gravatar service to see if you are using it. The Gravatar service privacy policy is available here: https:\/\/automattic.com\/privacy\/. After approval of your comment, your profile picture is visible to the public in the context of your comment.<\/p>\n<!-- \/wp:paragraph -->\n\n<!-- wp:heading {\"level\":3} -->\n<h3>Media<\/h3>\n<!-- \/wp:heading -->\n\n<!-- wp:paragraph -->\n<p>If you upload images to the website, you should avoid uploading images with embedded location data (EXIF GPS) included. Visitors to the website can download and extract any location data from images on the website.<\/p>\n<!-- \/wp:paragraph -->\n\n<!-- wp:heading {\"level\":3} -->\n<h3>Contact forms<\/h3>\n<!-- \/wp:heading -->\n\n<!-- wp:heading {\"level\":3} -->\n<h3>Cookies<\/h3>\n<!-- \/wp:heading -->\n\n<!-- wp:paragraph -->\n<p>If you leave a comment on our site you may opt-in to saving your name, email address and website in cookies. These are for your convenience so that you do not have to fill in your details again when you leave another comment. These cookies will last for one year.<\/p>\n<!-- \/wp:paragraph -->\n\n<!-- wp:paragraph -->\n<p>If you visit our login page, we will set a temporary cookie to determine if your browser accepts cookies. This cookie contains no personal data and is discarded when you close your browser.<\/p>\n<!-- \/wp:paragraph -->\n\n<!-- wp:paragraph -->\n<p>When you log in, we will also set up several cookies to save your login information and your screen display choices. Login cookies last for two days, and screen options cookies last for a year. If you select \"Remember Me\", your login will persist for two weeks. If you log out of your account, the login cookies will be removed.<\/p>\n<!-- \/wp:paragraph -->\n\n<!-- wp:paragraph -->\n<p>If you edit or publish an article, an additional cookie will be saved in your browser. This cookie includes no personal data and simply indicates the post ID of the article you just edited. It expires after 1 day.<\/p>\n<!-- \/wp:paragraph -->\n\n<!-- wp:heading {\"level\":3} -->\n<h3>Embedded content from other websites<\/h3>\n<!-- \/wp:heading -->\n\n<!-- wp:paragraph -->\n<p>Articles on this site may include embedded content (e.g. videos, images, articles, etc.). Embedded content from other websites behaves in the exact same way as if the visitor has visited the other website.<\/p>\n<!-- \/wp:paragraph -->\n\n<!-- wp:paragraph -->\n<p>These websites may collect data about you, use cookies, embed additional third-party tracking, and monitor your interaction with that embedded content, including tracking your interaction with the embedded content if you have an account and are logged in to that website.<\/p>\n<!-- \/wp:paragraph -->\n\n<!-- wp:heading {\"level\":3} -->\n<h3>Analytics<\/h3>\n<!-- \/wp:heading -->\n\n<!-- wp:heading -->\n<h2>Who we share your data with<\/h2>\n<!-- \/wp:heading -->\n\n<!-- wp:heading -->\n<h2>How long we retain your data<\/h2>\n<!-- \/wp:heading -->\n\n<!-- wp:paragraph -->\n<p>If you leave a comment, the comment and its metadata are retained indefinitely. This is so we can recognize and approve any follow-up comments automatically instead of holding them in a moderation queue.<\/p>\n<!-- \/wp:paragraph -->\n\n<!-- wp:paragraph -->\n<p>For users that register on our website (if any), we also store the personal information they provide in their user profile. All users can see, edit, or delete their personal information at any time (except they cannot change their username). Website administrators can also see and edit that information.<\/p>\n<!-- \/wp:paragraph -->\n\n<!-- wp:heading -->\n<h2>What rights you have over your data<\/h2>\n<!-- \/wp:heading -->\n\n<!-- wp:paragraph -->\n<p>If you have an account on this site, or have left comments, you can request to receive an exported file of the personal data we hold about you, including any data you have provided to us. You can also request that we erase any personal data we hold about you. This does not include any data we are obliged to keep for administrative, legal, or security purposes.<\/p>\n<!-- \/wp:paragraph -->\n\n<!-- wp:heading -->\n<h2>Where we send your data<\/h2>\n<!-- \/wp:heading -->\n\n<!-- wp:paragraph -->\n<p>Visitor comments may be checked through an automated spam detection service.<\/p>\n<!-- \/wp:paragraph -->\n\n<!-- wp:heading -->\n<h2>Your contact information<\/h2>\n<!-- \/wp:heading -->\n\n<!-- wp:heading -->\n<h2>Additional information<\/h2>\n<!-- \/wp:heading -->\n\n<!-- wp:heading {\"level\":3} -->\n<h3>How we protect your data<\/h3>\n<!-- \/wp:heading -->\n\n<!-- wp:heading {\"level\":3} -->\n<h3>What data breach procedures we have in place<\/h3>\n<!-- \/wp:heading -->\n\n<!-- wp:heading {\"level\":3} -->\n<h3>What third parties we receive data from<\/h3>\n<!-- \/wp:heading -->\n\n<!-- wp:heading {\"level\":3} -->\n<h3>What automated decision making and\/or profiling we do with user data<\/h3>\n<!-- \/wp:heading -->\n\n<!-- wp:heading {\"level\":3} -->\n<h3>Industry regulatory disclosure requirements<\/h3>\n<!-- \/wp:heading -->","_et_gb_content_width":"","footnotes":""},"class_list":["post-3","page","type-page","status-publish","has-post-thumbnail","hentry"],"yoast_head":"<!-- This site is optimized with the Yoast SEO plugin v27.3 - https:\/\/yoast.com\/product\/yoast-seo-wordpress\/ -->\n<title>Notre engagement pour prot\u00e9ger vos donn\u00e9es personnelles &#8902; geoVINUM<\/title>\n<meta name=\"description\" content=\"Notre politique de confidentialit\u00e9 vous assure le respect de vos donn\u00e9es personnelles lors de votre naviguation sur notre site internet.\" \/>\n<meta name=\"robots\" content=\"index, follow, max-snippet:-1, max-image-preview:large, max-video-preview:-1\" \/>\n<link rel=\"canonical\" href=\"https:\/\/geovinum.fr\/politique-confidentialite\/\" \/>\n<meta property=\"og:locale\" content=\"en_US\" \/>\n<meta property=\"og:type\" content=\"article\" \/>\n<meta property=\"og:title\" content=\"Notre engagement pour prot\u00e9ger vos donn\u00e9es personnelles &#8902; geoVINUM\" \/>\n<meta property=\"og:description\" content=\"Notre politique de confidentialit\u00e9 vous assure le respect de vos donn\u00e9es personnelles lors de votre naviguation sur notre site internet.\" \/>\n<meta property=\"og:url\" content=\"https:\/\/geovinum.fr\/politique-confidentialite\/\" \/>\n<meta property=\"og:site_name\" content=\"geoVINUM\" \/>\n<meta property=\"article:modified_time\" content=\"2025-08-08T12:24:46+00:00\" \/>\n<meta property=\"og:image\" content=\"https:\/\/geovinum.fr\/wp-content\/uploads\/2020\/11\/cropped-geoVINUM_favicon_White_1024.png\" \/>\n\t<meta property=\"og:image:width\" content=\"512\" \/>\n\t<meta property=\"og:image:height\" content=\"512\" \/>\n\t<meta property=\"og:image:type\" content=\"image\/png\" \/>\n<meta name=\"twitter:card\" content=\"summary_large_image\" \/>\n<meta name=\"twitter:label1\" content=\"Est. reading time\" \/>\n\t<meta name=\"twitter:data1\" content=\"9 minutes\" \/>\n<script type=\"application\/ld+json\" class=\"yoast-schema-graph\">{\"@context\":\"https:\\\/\\\/schema.org\",\"@graph\":[{\"@type\":\"WebPage\",\"@id\":\"https:\\\/\\\/geovinum.fr\\\/politique-confidentialite\\\/\",\"url\":\"https:\\\/\\\/geovinum.fr\\\/politique-confidentialite\\\/\",\"name\":\"Notre engagement pour prot\u00e9ger vos donn\u00e9es personnelles &#8902; geoVINUM\",\"isPartOf\":{\"@id\":\"https:\\\/\\\/geovinum.fr\\\/#website\"},\"primaryImageOfPage\":{\"@id\":\"https:\\\/\\\/geovinum.fr\\\/politique-confidentialite\\\/#primaryimage\"},\"image\":{\"@id\":\"https:\\\/\\\/geovinum.fr\\\/politique-confidentialite\\\/#primaryimage\"},\"thumbnailUrl\":\"https:\\\/\\\/geovinum.fr\\\/wp-content\\\/uploads\\\/2020\\\/11\\\/cropped-geoVINUM_favicon_White_1024.png\",\"datePublished\":\"2020-03-24T20:24:06+00:00\",\"dateModified\":\"2025-08-08T12:24:46+00:00\",\"description\":\"Notre politique de confidentialit\u00e9 vous assure le respect de vos donn\u00e9es personnelles lors de votre naviguation sur notre site internet.\",\"breadcrumb\":{\"@id\":\"https:\\\/\\\/geovinum.fr\\\/politique-confidentialite\\\/#breadcrumb\"},\"inLanguage\":\"en-US\",\"potentialAction\":[{\"@type\":\"ReadAction\",\"target\":[\"https:\\\/\\\/geovinum.fr\\\/politique-confidentialite\\\/\"]}]},{\"@type\":\"ImageObject\",\"inLanguage\":\"en-US\",\"@id\":\"https:\\\/\\\/geovinum.fr\\\/politique-confidentialite\\\/#primaryimage\",\"url\":\"https:\\\/\\\/geovinum.fr\\\/wp-content\\\/uploads\\\/2020\\\/11\\\/cropped-geoVINUM_favicon_White_1024.png\",\"contentUrl\":\"https:\\\/\\\/geovinum.fr\\\/wp-content\\\/uploads\\\/2020\\\/11\\\/cropped-geoVINUM_favicon_White_1024.png\",\"width\":512,\"height\":512,\"caption\":\"geoVINUM_favicon_White\"},{\"@type\":\"BreadcrumbList\",\"@id\":\"https:\\\/\\\/geovinum.fr\\\/politique-confidentialite\\\/#breadcrumb\",\"itemListElement\":[{\"@type\":\"ListItem\",\"position\":1,\"name\":\"Accueil\",\"item\":\"https:\\\/\\\/geovinum.fr\\\/\"},{\"@type\":\"ListItem\",\"position\":2,\"name\":\"Politique de confidentialit\u00e9\"}]},{\"@type\":\"WebSite\",\"@id\":\"https:\\\/\\\/geovinum.fr\\\/#website\",\"url\":\"https:\\\/\\\/geovinum.fr\\\/\",\"name\":\"geoVINUM\",\"description\":\"Leader de la cartographie viticole \u00e0 360\u00b0\",\"publisher\":{\"@id\":\"https:\\\/\\\/geovinum.fr\\\/#organization\"},\"potentialAction\":[{\"@type\":\"SearchAction\",\"target\":{\"@type\":\"EntryPoint\",\"urlTemplate\":\"https:\\\/\\\/geovinum.fr\\\/?s={search_term_string}\"},\"query-input\":{\"@type\":\"PropertyValueSpecification\",\"valueRequired\":true,\"valueName\":\"search_term_string\"}}],\"inLanguage\":\"en-US\"},{\"@type\":\"Organization\",\"@id\":\"https:\\\/\\\/geovinum.fr\\\/#organization\",\"name\":\"geoVINUM\",\"url\":\"https:\\\/\\\/geovinum.fr\\\/\",\"logo\":{\"@type\":\"ImageObject\",\"inLanguage\":\"en-US\",\"@id\":\"https:\\\/\\\/geovinum.fr\\\/#\\\/schema\\\/logo\\\/image\\\/\",\"url\":\"https:\\\/\\\/geovinum.fr\\\/wp-content\\\/uploads\\\/2020\\\/04\\\/Favicon-GV.png\",\"contentUrl\":\"https:\\\/\\\/geovinum.fr\\\/wp-content\\\/uploads\\\/2020\\\/04\\\/Favicon-GV.png\",\"width\":513,\"height\":512,\"caption\":\"geoVINUM\"},\"image\":{\"@id\":\"https:\\\/\\\/geovinum.fr\\\/#\\\/schema\\\/logo\\\/image\\\/\"}}]}<\/script>\n<!-- \/ Yoast SEO plugin. -->","yoast_head_json":{"title":"Notre engagement pour prot\u00e9ger vos donn\u00e9es personnelles &#8902; geoVINUM","description":"Notre politique de confidentialit\u00e9 vous assure le respect de vos donn\u00e9es personnelles lors de votre naviguation sur notre site internet.","robots":{"index":"index","follow":"follow","max-snippet":"max-snippet:-1","max-image-preview":"max-image-preview:large","max-video-preview":"max-video-preview:-1"},"canonical":"https:\/\/geovinum.fr\/politique-confidentialite\/","og_locale":"en_US","og_type":"article","og_title":"Notre engagement pour prot\u00e9ger vos donn\u00e9es personnelles &#8902; geoVINUM","og_description":"Notre politique de confidentialit\u00e9 vous assure le respect de vos donn\u00e9es personnelles lors de votre naviguation sur notre site internet.","og_url":"https:\/\/geovinum.fr\/politique-confidentialite\/","og_site_name":"geoVINUM","article_modified_time":"2025-08-08T12:24:46+00:00","og_image":[{"width":512,"height":512,"url":"https:\/\/geovinum.fr\/wp-content\/uploads\/2020\/11\/cropped-geoVINUM_favicon_White_1024.png","type":"image\/png"}],"twitter_card":"summary_large_image","twitter_misc":{"Est. reading time":"9 minutes"},"schema":{"@context":"https:\/\/schema.org","@graph":[{"@type":"WebPage","@id":"https:\/\/geovinum.fr\/politique-confidentialite\/","url":"https:\/\/geovinum.fr\/politique-confidentialite\/","name":"Notre engagement pour prot\u00e9ger vos donn\u00e9es personnelles &#8902; geoVINUM","isPartOf":{"@id":"https:\/\/geovinum.fr\/#website"},"primaryImageOfPage":{"@id":"https:\/\/geovinum.fr\/politique-confidentialite\/#primaryimage"},"image":{"@id":"https:\/\/geovinum.fr\/politique-confidentialite\/#primaryimage"},"thumbnailUrl":"https:\/\/geovinum.fr\/wp-content\/uploads\/2020\/11\/cropped-geoVINUM_favicon_White_1024.png","datePublished":"2020-03-24T20:24:06+00:00","dateModified":"2025-08-08T12:24:46+00:00","description":"Notre politique de confidentialit\u00e9 vous assure le respect de vos donn\u00e9es personnelles lors de votre naviguation sur notre site internet.","breadcrumb":{"@id":"https:\/\/geovinum.fr\/politique-confidentialite\/#breadcrumb"},"inLanguage":"en-US","potentialAction":[{"@type":"ReadAction","target":["https:\/\/geovinum.fr\/politique-confidentialite\/"]}]},{"@type":"ImageObject","inLanguage":"en-US","@id":"https:\/\/geovinum.fr\/politique-confidentialite\/#primaryimage","url":"https:\/\/geovinum.fr\/wp-content\/uploads\/2020\/11\/cropped-geoVINUM_favicon_White_1024.png","contentUrl":"https:\/\/geovinum.fr\/wp-content\/uploads\/2020\/11\/cropped-geoVINUM_favicon_White_1024.png","width":512,"height":512,"caption":"geoVINUM_favicon_White"},{"@type":"BreadcrumbList","@id":"https:\/\/geovinum.fr\/politique-confidentialite\/#breadcrumb","itemListElement":[{"@type":"ListItem","position":1,"name":"Accueil","item":"https:\/\/geovinum.fr\/"},{"@type":"ListItem","position":2,"name":"Politique de confidentialit\u00e9"}]},{"@type":"WebSite","@id":"https:\/\/geovinum.fr\/#website","url":"https:\/\/geovinum.fr\/","name":"geoVINUM","description":"Leader de la cartographie viticole \u00e0 360\u00b0","publisher":{"@id":"https:\/\/geovinum.fr\/#organization"},"potentialAction":[{"@type":"SearchAction","target":{"@type":"EntryPoint","urlTemplate":"https:\/\/geovinum.fr\/?s={search_term_string}"},"query-input":{"@type":"PropertyValueSpecification","valueRequired":true,"valueName":"search_term_string"}}],"inLanguage":"en-US"},{"@type":"Organization","@id":"https:\/\/geovinum.fr\/#organization","name":"geoVINUM","url":"https:\/\/geovinum.fr\/","logo":{"@type":"ImageObject","inLanguage":"en-US","@id":"https:\/\/geovinum.fr\/#\/schema\/logo\/image\/","url":"https:\/\/geovinum.fr\/wp-content\/uploads\/2020\/04\/Favicon-GV.png","contentUrl":"https:\/\/geovinum.fr\/wp-content\/uploads\/2020\/04\/Favicon-GV.png","width":513,"height":512,"caption":"geoVINUM"},"image":{"@id":"https:\/\/geovinum.fr\/#\/schema\/logo\/image\/"}}]}},"_links":{"self":[{"href":"https:\/\/geovinum.fr\/en\/wp-json\/wp\/v2\/pages\/3","targetHints":{"allow":["GET"]}}],"collection":[{"href":"https:\/\/geovinum.fr\/en\/wp-json\/wp\/v2\/pages"}],"about":[{"href":"https:\/\/geovinum.fr\/en\/wp-json\/wp\/v2\/types\/page"}],"author":[{"embeddable":true,"href":"https:\/\/geovinum.fr\/en\/wp-json\/wp\/v2\/users\/4"}],"replies":[{"embeddable":true,"href":"https:\/\/geovinum.fr\/en\/wp-json\/wp\/v2\/comments?post=3"}],"version-history":[{"count":2,"href":"https:\/\/geovinum.fr\/en\/wp-json\/wp\/v2\/pages\/3\/revisions"}],"predecessor-version":[{"id":100859,"href":"https:\/\/geovinum.fr\/en\/wp-json\/wp\/v2\/pages\/3\/revisions\/100859"}],"wp:featuredmedia":[{"embeddable":true,"href":"https:\/\/geovinum.fr\/en\/wp-json\/wp\/v2\/media\/18075"}],"wp:attachment":[{"href":"https:\/\/geovinum.fr\/en\/wp-json\/wp\/v2\/media?parent=3"}],"curies":[{"name":"wp","href":"https:\/\/api.w.org\/{rel}","templated":true}]}}