{"id":18418,"date":"2021-02-25T08:23:47","date_gmt":"2021-02-25T07:23:47","guid":{"rendered":"https:\/\/geovinum.fr\/mon-compte\/"},"modified":"2022-06-27T16:55:29","modified_gmt":"2022-06-27T14:55:29","slug":"mon-compte","status":"publish","type":"page","link":"https:\/\/geovinum.fr\/en\/mon-compte\/","title":{"rendered":"Mon compte"},"content":{"rendered":"<p>[et_pb_section fb_built=&#8221;1&#8243; theme_builder_area=&#8221;post_content&#8221; _builder_version=&#8221;4.17.3&#8243; _module_preset=&#8221;default&#8221; background_color=&#8221;#CE1A5F&#8221; hover_enabled=&#8221;0&#8243; sticky_enabled=&#8221;0&#8243; custom_padding_last_edited=&#8221;on|desktop&#8221; custom_padding=&#8221;100px||100px||true|false&#8221; custom_padding_phone=&#8221;40px||40px||true|false&#8221; da_is_popup=&#8221;off&#8221; da_exit_intent=&#8221;off&#8221; da_has_close=&#8221;on&#8221; da_alt_close=&#8221;off&#8221; da_dark_close=&#8221;off&#8221; da_not_modal=&#8221;on&#8221; da_is_singular=&#8221;off&#8221; da_with_loader=&#8221;off&#8221; da_has_shadow=&#8221;on&#8221; da_disable_devices=&#8221;off|off|off&#8221; custom_padding_tablet=&#8221;100px||100px||true|false&#8221;][et_pb_row _builder_version=&#8221;4.17.3&#8243; _module_preset=&#8221;default&#8221; theme_builder_area=&#8221;post_content&#8221;][et_pb_column _builder_version=&#8221;4.17.3&#8243; _module_preset=&#8221;default&#8221; type=&#8221;4_4&#8243; theme_builder_area=&#8221;post_content&#8221;][et_pb_text _builder_version=&#8221;4.17.3&#8243; _module_preset=&#8221;default&#8221; theme_builder_area=&#8221;post_content&#8221; header_font_size_last_edited=&#8221;on|desktop&#8221; header_font_size=&#8221;60px&#8221; header_text_align=&#8221;center&#8221; header_font=&#8221;|700|||||||&#8221; header_text_color=&#8221;#ffffff&#8221; hover_enabled=&#8221;0&#8243; sticky_enabled=&#8221;0&#8243; header_font_size_phone=&#8221;40px&#8221; header_font_size_tablet=&#8221;60px&#8221;]<\/p>\n<h1>Mon Compte<\/h1>\n<p>[\/et_pb_text][et_pb_text _builder_version=&#8221;4.17.3&#8243; _module_preset=&#8221;default&#8221; theme_builder_area=&#8221;post_content&#8221; text_font_size=&#8221;17px&#8221; text_font_size_last_edited=&#8221;on|desktop&#8221; text_text_color=&#8221;#ffffff&#8221; text_orientation=&#8221;center&#8221; hover_enabled=&#8221;0&#8243; sticky_enabled=&#8221;0&#8243; text_font_size_phone=&#8221;16px&#8221; text_font_size_tablet=&#8221;17px&#8221;]<\/p>\n<p>Bienvenue sur votre page de gestion de compte !<\/p>\n<p>[\/et_pb_text][\/et_pb_column][\/et_pb_row][\/et_pb_section][et_pb_section fb_built=&#8221;1&#8243; theme_builder_area=&#8221;post_content&#8221; _builder_version=&#8221;4.17.3&#8243; _module_preset=&#8221;default&#8221; custom_margin=&#8221;30px||30px||true|false&#8221; hover_enabled=&#8221;0&#8243; sticky_enabled=&#8221;0&#8243; da_is_popup=&#8221;off&#8221; da_exit_intent=&#8221;off&#8221; da_has_close=&#8221;on&#8221; da_alt_close=&#8221;off&#8221; da_dark_close=&#8221;off&#8221; da_not_modal=&#8221;on&#8221; da_is_singular=&#8221;off&#8221; da_with_loader=&#8221;off&#8221; da_has_shadow=&#8221;on&#8221; da_disable_devices=&#8221;off|off|off&#8221;][et_pb_row _builder_version=&#8221;4.17.3&#8243; _module_preset=&#8221;default&#8221; column_structure=&#8221;1_3,1_3,1_3&#8243; theme_builder_area=&#8221;post_content&#8221;][et_pb_column _builder_version=&#8221;4.17.3&#8243; _module_preset=&#8221;default&#8221; type=&#8221;1_3&#8243; theme_builder_area=&#8221;post_content&#8221;][et_pb_icon _builder_version=&#8221;4.17.3&#8243; _module_preset=&#8221;default&#8221; theme_builder_area=&#8221;post_content&#8221; font_icon=&#8221;&#xf07a;||fa||900&#8243; icon_width=&#8221;80px&#8221; icon_color=&#8221;#2E5067&#8243; custom_padding=&#8221;40px|50px|40px|50px|true|true&#8221; border_radii=&#8221;on|10px|10px|10px|10px&#8221; box_shadow_style=&#8221;preset1&#8243; hover_enabled=&#8221;0&#8243; sticky_enabled=&#8221;0&#8243; url=&#8221;https:\/\/etoh.agency\/mon-compte\/orders&#8221; icon_width_last_edited=&#8221;on|phone&#8221; icon_width_phone=&#8221;50px&#8221; icon_width_tablet=&#8221;80px&#8221;][\/et_pb_icon][et_pb_text _builder_version=&#8221;4.17.3&#8243; _module_preset=&#8221;default&#8221; theme_builder_area=&#8221;post_content&#8221; text_orientation=&#8221;center&#8221; text_text_color=&#8221;#CE1A5F&#8221; header_2_text_color=&#8221;#CE1A5F&#8221; hover_enabled=&#8221;0&#8243; sticky_enabled=&#8221;0&#8243;]<\/p>\n<h2>Derni\u00e8res commandes<\/h2>\n<p>[\/et_pb_text][\/et_pb_column][et_pb_column _builder_version=&#8221;4.17.3&#8243; _module_preset=&#8221;default&#8221; type=&#8221;1_3&#8243; theme_builder_area=&#8221;post_content&#8221;][et_pb_icon _builder_version=&#8221;4.17.3&#8243; _module_preset=&#8221;default&#8221; theme_builder_area=&#8221;post_content&#8221; font_icon=&#8221;&#xf381;||fa||900&#8243; icon_width=&#8221;80px&#8221; icon_color=&#8221;#2E5067&#8243; custom_padding=&#8221;40px|50px|40px|50px|true|true&#8221; border_radii=&#8221;on|10px|10px|10px|10px&#8221; box_shadow_style=&#8221;preset1&#8243; hover_enabled=&#8221;0&#8243; sticky_enabled=&#8221;0&#8243; url=&#8221;https:\/\/etoh.agency\/mon-compte\/downloads&#8221; icon_width_last_edited=&#8221;on|phone&#8221; icon_width_phone=&#8221;50px&#8221; icon_width_tablet=&#8221;80px&#8221;][\/et_pb_icon][et_pb_text _builder_version=&#8221;4.17.3&#8243; _module_preset=&#8221;default&#8221; theme_builder_area=&#8221;post_content&#8221; text_orientation=&#8221;center&#8221; text_text_color=&#8221;#CE1A5F&#8221; header_2_text_color=&#8221;#CE1A5F&#8221; hover_enabled=&#8221;0&#8243; sticky_enabled=&#8221;0&#8243;]<\/p>\n<h2>T\u00e9l\u00e9chargements<\/h2>\n<p>[\/et_pb_text][\/et_pb_column][et_pb_column _builder_version=&#8221;4.17.3&#8243; _module_preset=&#8221;default&#8221; type=&#8221;1_3&#8243; theme_builder_area=&#8221;post_content&#8221;][et_pb_icon _builder_version=&#8221;4.17.3&#8243; _module_preset=&#8221;default&#8221; theme_builder_area=&#8221;post_content&#8221; font_icon=&#8221;&#xf05a;||fa||900&#8243; icon_width=&#8221;80px&#8221; icon_color=&#8221;#2E5067&#8243; custom_padding=&#8221;40px|50px|40px|50px|true|true&#8221; border_radii=&#8221;on|10px|10px|10px|10px&#8221; box_shadow_style=&#8221;preset1&#8243; hover_enabled=&#8221;0&#8243; sticky_enabled=&#8221;0&#8243; url=&#8221;https:\/\/etoh.agency\/mon-compte\/edit-account&#8221; icon_width_last_edited=&#8221;on|phone&#8221; icon_width_phone=&#8221;50px&#8221; icon_width_tablet=&#8221;80px&#8221;][\/et_pb_icon][et_pb_text _builder_version=&#8221;4.17.3&#8243; _module_preset=&#8221;default&#8221; theme_builder_area=&#8221;post_content&#8221; text_orientation=&#8221;center&#8221; text_text_color=&#8221;#CE1A5F&#8221; header_2_text_color=&#8221;#CE1A5F&#8221; hover_enabled=&#8221;0&#8243; sticky_enabled=&#8221;0&#8243;]<\/p>\n<h2>Informations sur votre compte<\/h2>\n<p>[\/et_pb_text][\/et_pb_column][\/et_pb_row][\/et_pb_section][et_pb_section fb_built=&#8221;1&#8243; _builder_version=&#8221;4.16&#8243; global_colors_info=&#8221;{}&#8221; da_is_popup=&#8221;off&#8221; da_exit_intent=&#8221;off&#8221; da_has_close=&#8221;on&#8221; da_alt_close=&#8221;off&#8221; da_dark_close=&#8221;off&#8221; da_not_modal=&#8221;on&#8221; da_is_singular=&#8221;off&#8221; da_with_loader=&#8221;off&#8221; da_has_shadow=&#8221;on&#8221; da_disable_devices=&#8221;off|off|off&#8221;][et_pb_row _builder_version=&#8221;4.16&#8243; background_size=&#8221;initial&#8221; background_position=&#8221;top_left&#8221; background_repeat=&#8221;repeat&#8221; global_colors_info=&#8221;{}&#8221;][et_pb_column type=&#8221;4_4&#8243; _builder_version=&#8221;4.16&#8243; custom_padding=&#8221;|||&#8221; global_colors_info=&#8221;{}&#8221; custom_padding__hover=&#8221;|||&#8221;][et_pb_text _builder_version=&#8221;4.16&#8243; background_size=&#8221;initial&#8221; background_position=&#8221;top_left&#8221; background_repeat=&#8221;repeat&#8221; global_colors_info=&#8221;{}&#8221;]<!-- divi:shortcode --><br \/>\n<div class=\"woocommerce\"><\/div><br \/>\n<!-- \/divi:shortcode -->[\/et_pb_text][\/et_pb_column][\/et_pb_row][\/et_pb_section]<\/p>\n","protected":false},"excerpt":{"rendered":"<p>Mon CompteBienvenue sur votre page de gestion de compte !Derni\u00e8res commandesT\u00e9l\u00e9chargementsInformations sur votre compte <div class=\"woocommerce\"><\/div><\/p>\n","protected":false},"author":4,"featured_media":18075,"parent":0,"menu_order":0,"comment_status":"closed","ping_status":"closed","template":"","meta":{"_et_pb_use_builder":"on","_et_pb_old_content":"<!-- wp:shortcode -->\n[woocommerce_my_account]\n<!-- \/wp:shortcode -->","_et_gb_content_width":"1340","footnotes":""},"class_list":["post-18418","page","type-page","status-publish","has-post-thumbnail","hentry"],"yoast_head":"<!-- This site is optimized with the Yoast SEO plugin v27.3 - https:\/\/yoast.com\/product\/yoast-seo-wordpress\/ -->\n<title>Mon compte &#8902; geoVINUM<\/title>\n<meta name=\"description\" content=\"Votre espace &quot;mon compte&quot; au sein de notre site web geoVINUM. Consultez vos commandes et informations personnelles.\" \/>\n<meta name=\"robots\" content=\"index, follow, max-snippet:-1, max-image-preview:large, max-video-preview:-1\" \/>\n<link rel=\"canonical\" href=\"https:\/\/geovinum.fr\/mon-compte\/\" \/>\n<meta property=\"og:locale\" content=\"en_US\" \/>\n<meta property=\"og:type\" content=\"article\" \/>\n<meta property=\"og:title\" content=\"Mon compte &#8902; geoVINUM\" \/>\n<meta property=\"og:description\" content=\"Votre espace &quot;mon compte&quot; au sein de notre site web geoVINUM. Consultez vos commandes et informations personnelles.\" \/>\n<meta property=\"og:url\" content=\"https:\/\/geovinum.fr\/mon-compte\/\" \/>\n<meta property=\"og:site_name\" content=\"geoVINUM\" \/>\n<meta property=\"article:modified_time\" content=\"2022-06-27T14:55:29+00:00\" \/>\n<meta property=\"og:image\" content=\"https:\/\/geovinum.fr\/wp-content\/uploads\/2020\/11\/cropped-geoVINUM_favicon_White_1024.png\" \/>\n\t<meta property=\"og:image:width\" content=\"512\" \/>\n\t<meta property=\"og:image:height\" content=\"512\" \/>\n\t<meta property=\"og:image:type\" content=\"image\/png\" \/>\n<meta name=\"twitter:card\" content=\"summary_large_image\" \/>\n<meta name=\"twitter:label1\" content=\"Est. reading time\" \/>\n\t<meta name=\"twitter:data1\" content=\"1 minute\" \/>\n<script type=\"application\/ld+json\" class=\"yoast-schema-graph\">{\"@context\":\"https:\\\/\\\/schema.org\",\"@graph\":[{\"@type\":\"WebPage\",\"@id\":\"https:\\\/\\\/geovinum.fr\\\/mon-compte\\\/\",\"url\":\"https:\\\/\\\/geovinum.fr\\\/mon-compte\\\/\",\"name\":\"Mon compte &#8902; geoVINUM\",\"isPartOf\":{\"@id\":\"https:\\\/\\\/geovinum.fr\\\/#website\"},\"primaryImageOfPage\":{\"@id\":\"https:\\\/\\\/geovinum.fr\\\/mon-compte\\\/#primaryimage\"},\"image\":{\"@id\":\"https:\\\/\\\/geovinum.fr\\\/mon-compte\\\/#primaryimage\"},\"thumbnailUrl\":\"https:\\\/\\\/geovinum.fr\\\/wp-content\\\/uploads\\\/2020\\\/11\\\/cropped-geoVINUM_favicon_White_1024.png\",\"datePublished\":\"2021-02-25T07:23:47+00:00\",\"dateModified\":\"2022-06-27T14:55:29+00:00\",\"description\":\"Votre espace \\\"mon compte\\\" au sein de notre site web geoVINUM. Consultez vos commandes et informations personnelles.\",\"breadcrumb\":{\"@id\":\"https:\\\/\\\/geovinum.fr\\\/mon-compte\\\/#breadcrumb\"},\"inLanguage\":\"en-US\",\"potentialAction\":[{\"@type\":\"ReadAction\",\"target\":[\"https:\\\/\\\/geovinum.fr\\\/mon-compte\\\/\"]}]},{\"@type\":\"ImageObject\",\"inLanguage\":\"en-US\",\"@id\":\"https:\\\/\\\/geovinum.fr\\\/mon-compte\\\/#primaryimage\",\"url\":\"https:\\\/\\\/geovinum.fr\\\/wp-content\\\/uploads\\\/2020\\\/11\\\/cropped-geoVINUM_favicon_White_1024.png\",\"contentUrl\":\"https:\\\/\\\/geovinum.fr\\\/wp-content\\\/uploads\\\/2020\\\/11\\\/cropped-geoVINUM_favicon_White_1024.png\",\"width\":512,\"height\":512,\"caption\":\"geoVINUM_favicon_White\"},{\"@type\":\"BreadcrumbList\",\"@id\":\"https:\\\/\\\/geovinum.fr\\\/mon-compte\\\/#breadcrumb\",\"itemListElement\":[{\"@type\":\"ListItem\",\"position\":1,\"name\":\"Accueil\",\"item\":\"https:\\\/\\\/geovinum.fr\\\/\"},{\"@type\":\"ListItem\",\"position\":2,\"name\":\"Mon compte\"}]},{\"@type\":\"WebSite\",\"@id\":\"https:\\\/\\\/geovinum.fr\\\/#website\",\"url\":\"https:\\\/\\\/geovinum.fr\\\/\",\"name\":\"geoVINUM\",\"description\":\"Leader de la cartographie viticole \u00e0 360\u00b0\",\"publisher\":{\"@id\":\"https:\\\/\\\/geovinum.fr\\\/#organization\"},\"potentialAction\":[{\"@type\":\"SearchAction\",\"target\":{\"@type\":\"EntryPoint\",\"urlTemplate\":\"https:\\\/\\\/geovinum.fr\\\/?s={search_term_string}\"},\"query-input\":{\"@type\":\"PropertyValueSpecification\",\"valueRequired\":true,\"valueName\":\"search_term_string\"}}],\"inLanguage\":\"en-US\"},{\"@type\":\"Organization\",\"@id\":\"https:\\\/\\\/geovinum.fr\\\/#organization\",\"name\":\"geoVINUM\",\"url\":\"https:\\\/\\\/geovinum.fr\\\/\",\"logo\":{\"@type\":\"ImageObject\",\"inLanguage\":\"en-US\",\"@id\":\"https:\\\/\\\/geovinum.fr\\\/#\\\/schema\\\/logo\\\/image\\\/\",\"url\":\"https:\\\/\\\/geovinum.fr\\\/wp-content\\\/uploads\\\/2020\\\/04\\\/Favicon-GV.png\",\"contentUrl\":\"https:\\\/\\\/geovinum.fr\\\/wp-content\\\/uploads\\\/2020\\\/04\\\/Favicon-GV.png\",\"width\":513,\"height\":512,\"caption\":\"geoVINUM\"},\"image\":{\"@id\":\"https:\\\/\\\/geovinum.fr\\\/#\\\/schema\\\/logo\\\/image\\\/\"}}]}<\/script>\n<!-- \/ Yoast SEO plugin. -->","yoast_head_json":{"title":"Mon compte &#8902; geoVINUM","description":"Votre espace \"mon compte\" au sein de notre site web geoVINUM. Consultez vos commandes et informations personnelles.","robots":{"index":"index","follow":"follow","max-snippet":"max-snippet:-1","max-image-preview":"max-image-preview:large","max-video-preview":"max-video-preview:-1"},"canonical":"https:\/\/geovinum.fr\/mon-compte\/","og_locale":"en_US","og_type":"article","og_title":"Mon compte &#8902; geoVINUM","og_description":"Votre espace \"mon compte\" au sein de notre site web geoVINUM. Consultez vos commandes et informations personnelles.","og_url":"https:\/\/geovinum.fr\/mon-compte\/","og_site_name":"geoVINUM","article_modified_time":"2022-06-27T14:55:29+00:00","og_image":[{"width":512,"height":512,"url":"https:\/\/geovinum.fr\/wp-content\/uploads\/2020\/11\/cropped-geoVINUM_favicon_White_1024.png","type":"image\/png"}],"twitter_card":"summary_large_image","twitter_misc":{"Est. reading time":"1 minute"},"schema":{"@context":"https:\/\/schema.org","@graph":[{"@type":"WebPage","@id":"https:\/\/geovinum.fr\/mon-compte\/","url":"https:\/\/geovinum.fr\/mon-compte\/","name":"Mon compte &#8902; geoVINUM","isPartOf":{"@id":"https:\/\/geovinum.fr\/#website"},"primaryImageOfPage":{"@id":"https:\/\/geovinum.fr\/mon-compte\/#primaryimage"},"image":{"@id":"https:\/\/geovinum.fr\/mon-compte\/#primaryimage"},"thumbnailUrl":"https:\/\/geovinum.fr\/wp-content\/uploads\/2020\/11\/cropped-geoVINUM_favicon_White_1024.png","datePublished":"2021-02-25T07:23:47+00:00","dateModified":"2022-06-27T14:55:29+00:00","description":"Votre espace \"mon compte\" au sein de notre site web geoVINUM. Consultez vos commandes et informations personnelles.","breadcrumb":{"@id":"https:\/\/geovinum.fr\/mon-compte\/#breadcrumb"},"inLanguage":"en-US","potentialAction":[{"@type":"ReadAction","target":["https:\/\/geovinum.fr\/mon-compte\/"]}]},{"@type":"ImageObject","inLanguage":"en-US","@id":"https:\/\/geovinum.fr\/mon-compte\/#primaryimage","url":"https:\/\/geovinum.fr\/wp-content\/uploads\/2020\/11\/cropped-geoVINUM_favicon_White_1024.png","contentUrl":"https:\/\/geovinum.fr\/wp-content\/uploads\/2020\/11\/cropped-geoVINUM_favicon_White_1024.png","width":512,"height":512,"caption":"geoVINUM_favicon_White"},{"@type":"BreadcrumbList","@id":"https:\/\/geovinum.fr\/mon-compte\/#breadcrumb","itemListElement":[{"@type":"ListItem","position":1,"name":"Accueil","item":"https:\/\/geovinum.fr\/"},{"@type":"ListItem","position":2,"name":"Mon compte"}]},{"@type":"WebSite","@id":"https:\/\/geovinum.fr\/#website","url":"https:\/\/geovinum.fr\/","name":"geoVINUM","description":"Leader de la cartographie viticole \u00e0 360\u00b0","publisher":{"@id":"https:\/\/geovinum.fr\/#organization"},"potentialAction":[{"@type":"SearchAction","target":{"@type":"EntryPoint","urlTemplate":"https:\/\/geovinum.fr\/?s={search_term_string}"},"query-input":{"@type":"PropertyValueSpecification","valueRequired":true,"valueName":"search_term_string"}}],"inLanguage":"en-US"},{"@type":"Organization","@id":"https:\/\/geovinum.fr\/#organization","name":"geoVINUM","url":"https:\/\/geovinum.fr\/","logo":{"@type":"ImageObject","inLanguage":"en-US","@id":"https:\/\/geovinum.fr\/#\/schema\/logo\/image\/","url":"https:\/\/geovinum.fr\/wp-content\/uploads\/2020\/04\/Favicon-GV.png","contentUrl":"https:\/\/geovinum.fr\/wp-content\/uploads\/2020\/04\/Favicon-GV.png","width":513,"height":512,"caption":"geoVINUM"},"image":{"@id":"https:\/\/geovinum.fr\/#\/schema\/logo\/image\/"}}]}},"_links":{"self":[{"href":"https:\/\/geovinum.fr\/en\/wp-json\/wp\/v2\/pages\/18418","targetHints":{"allow":["GET"]}}],"collection":[{"href":"https:\/\/geovinum.fr\/en\/wp-json\/wp\/v2\/pages"}],"about":[{"href":"https:\/\/geovinum.fr\/en\/wp-json\/wp\/v2\/types\/page"}],"author":[{"embeddable":true,"href":"https:\/\/geovinum.fr\/en\/wp-json\/wp\/v2\/users\/4"}],"replies":[{"embeddable":true,"href":"https:\/\/geovinum.fr\/en\/wp-json\/wp\/v2\/comments?post=18418"}],"version-history":[{"count":0,"href":"https:\/\/geovinum.fr\/en\/wp-json\/wp\/v2\/pages\/18418\/revisions"}],"wp:featuredmedia":[{"embeddable":true,"href":"https:\/\/geovinum.fr\/en\/wp-json\/wp\/v2\/media\/18075"}],"wp:attachment":[{"href":"https:\/\/geovinum.fr\/en\/wp-json\/wp\/v2\/media?parent=18418"}],"curies":[{"name":"wp","href":"https:\/\/api.w.org\/{rel}","templated":true}]}}