{"id":18416,"date":"2021-02-25T08:23:47","date_gmt":"2021-02-25T07:23:47","guid":{"rendered":"https:\/\/geovinum.fr\/panier\/"},"modified":"2025-08-06T16:08:01","modified_gmt":"2025-08-06T14:08:01","slug":"panier","status":"publish","type":"page","link":"https:\/\/geovinum.fr\/en\/panier\/","title":{"rendered":"Panier"},"content":{"rendered":"<p>[et_pb_section fb_built=&#8221;1&#8243; _builder_version=&#8221;4.16&#8243; global_colors_info=&#8221;{}&#8221;][et_pb_row _builder_version=&#8221;4.18.0&#8243; background_size=&#8221;initial&#8221; background_position=&#8221;top_left&#8221; background_repeat=&#8221;repeat&#8221; width=&#8221;90%&#8221; global_colors_info=&#8221;{}&#8221;][et_pb_column type=&#8221;4_4&#8243; _builder_version=&#8221;4.16&#8243; custom_padding=&#8221;|||&#8221; global_colors_info=&#8221;{}&#8221; custom_padding__hover=&#8221;|||&#8221;][et_pb_text _builder_version=&#8221;4.18.0&#8243; _module_preset=&#8221;default&#8221; header_font=&#8221;|700|||||||&#8221; header_text_align=&#8221;center&#8221; header_font_size=&#8221;45px&#8221; header_font_size_tablet=&#8221;45px&#8221; header_font_size_phone=&#8221;45px&#8221; header_font_size_last_edited=&#8221;on|phone&#8221; global_colors_info=&#8221;{}&#8221;]<\/p>\n<h1>Votre Panier<\/h1>\n<p>[\/et_pb_text][et_pb_wc_cart_notice _builder_version=&#8221;4.18.0&#8243; text_orientation=&#8221;center&#8221; max_width=&#8221;40%&#8221; module_alignment=&#8221;center&#8221; border_radii=&#8221;on|3px|3px|3px|3px&#8221; global_colors_info=&#8221;{}&#8221;][\/et_pb_wc_cart_notice][\/et_pb_column][\/et_pb_row][et_pb_row column_structure=&#8221;3_5,2_5&#8243; _builder_version=&#8221;4.18.0&#8243; _module_preset=&#8221;default&#8221; width=&#8221;90%&#8221; global_colors_info=&#8221;{}&#8221;][et_pb_column type=&#8221;3_5&#8243; _builder_version=&#8221;4.18.0&#8243; _module_preset=&#8221;default&#8221; global_colors_info=&#8221;{}&#8221;][et_pb_wc_cart_products _builder_version=&#8221;4.27.4&#8243; form_field_background_color=&#8221;#ffffff&#8221; form_field_text_color=&#8221;#2E5067&#8243; form_field_focus_background_color=&#8221;#F8F8F8&#8243; form_field_custom_padding=&#8221;8px||8px||true|false&#8221; form_field_font=&#8221;|600|||||||&#8221; custom_disabled_button=&#8221;on&#8221; disabled_button_text_size=&#8221;16px&#8221; hover_enabled=&#8221;0&#8243; border_radii_form_field=&#8221;on|3px|3px|3px|3px&#8221; border_width_all_form_field=&#8221;1px&#8221; border_color_all_form_field=&#8221;#2B2B2B&#8221; global_colors_info=&#8221;{}&#8221; sticky_enabled=&#8221;0&#8243;][\/et_pb_wc_cart_products][\/et_pb_column][et_pb_column type=&#8221;2_5&#8243; _builder_version=&#8221;4.18.0&#8243; _module_preset=&#8221;default&#8221; global_colors_info=&#8221;{}&#8221;][et_pb_wc_cart_totals _builder_version=&#8221;4.16&#8243; global_colors_info=&#8221;{}&#8221;][\/et_pb_wc_cart_totals][\/et_pb_column][\/et_pb_row][et_pb_row _builder_version=&#8221;4.16&#8243; background_size=&#8221;initial&#8221; background_position=&#8221;top_left&#8221; background_repeat=&#8221;repeat&#8221; width=&#8221;90%&#8221; global_colors_info=&#8221;{}&#8221;][et_pb_column type=&#8221;4_4&#8243; _builder_version=&#8221;4.16&#8243; custom_padding=&#8221;|||&#8221; global_colors_info=&#8221;{}&#8221; custom_padding__hover=&#8221;|||&#8221;][et_pb_text _builder_version=&#8221;4.18.0&#8243; _module_preset=&#8221;default&#8221; global_colors_info=&#8221;{}&#8221;]<\/p>\n<h2>Vous serez peut-\u00eatre int\u00e9ress\u00e9 par&#8230;.<\/h2>\n<p>[\/et_pb_text][et_pb_shop type=&#8221;best_selling&#8221; posts_number=&#8221;4&#8243; columns_number=&#8221;4&#8243; _builder_version=&#8221;4.27.4&#8243; _module_preset=&#8221;default&#8221; title_font=&#8221;Roboto||||||||&#8221; title_text_align=&#8221;center&#8221; title_font_size=&#8221;14px&#8221; price_font=&#8221;|700|||||||&#8221; price_text_align=&#8221;center&#8221; price_text_color=&#8221;#CE1A5F&#8221; price_font_size=&#8221;14px&#8221; sale_price_font_size=&#8221;15px&#8221; hover_enabled=&#8221;0&#8243; border_radii=&#8221;on|5px|5px|5px|5px&#8221; border_radii_image=&#8221;on|5px|5px|5px|5px&#8221; border_color_all_image=&#8221;#CE1A5F&#8221; border_width_top_image=&#8221;3px&#8221; box_shadow_style_image=&#8221;preset2&#8243; locked=&#8221;off&#8221; global_colors_info=&#8221;{}&#8221; sticky_enabled=&#8221;0&#8243;][\/et_pb_shop][\/et_pb_column][\/et_pb_row][\/et_pb_section]<\/p>\n","protected":false},"excerpt":{"rendered":"<p>Votre PanierVous serez peut-\u00eatre int\u00e9ress\u00e9 par&#8230;.<\/p>\n","protected":false},"author":4,"featured_media":18075,"parent":0,"menu_order":0,"comment_status":"closed","ping_status":"closed","template":"","meta":{"_et_pb_use_builder":"on","_et_pb_old_content":"<!-- wp:shortcode -->[woocommerce_cart]<!-- \/wp:shortcode -->","_et_gb_content_width":"","footnotes":""},"class_list":["post-18416","page","type-page","status-publish","has-post-thumbnail","hentry"],"yoast_head":"<!-- This site is optimized with the Yoast SEO plugin v27.3 - https:\/\/yoast.com\/product\/yoast-seo-wordpress\/ -->\n<title>Panier &#8902; geoVINUM<\/title>\n<meta name=\"description\" content=\"Retrouvez votre panier au sein de notre site pour vous permettre de commander nos cartes viticoles en ligne ! N&#039;attendez plus !\" \/>\n<meta name=\"robots\" content=\"index, follow, max-snippet:-1, max-image-preview:large, max-video-preview:-1\" \/>\n<link rel=\"canonical\" href=\"https:\/\/geovinum.fr\/panier\/\" \/>\n<meta property=\"og:locale\" content=\"en_US\" \/>\n<meta property=\"og:type\" content=\"article\" \/>\n<meta property=\"og:title\" content=\"Panier &#8902; geoVINUM\" \/>\n<meta property=\"og:description\" content=\"Retrouvez votre panier au sein de notre site pour vous permettre de commander nos cartes viticoles en ligne ! N&#039;attendez plus !\" \/>\n<meta property=\"og:url\" content=\"https:\/\/geovinum.fr\/panier\/\" \/>\n<meta property=\"og:site_name\" content=\"geoVINUM\" \/>\n<meta property=\"article:modified_time\" content=\"2025-08-06T14:08:01+00:00\" \/>\n<meta property=\"og:image\" content=\"https:\/\/geovinum.fr\/wp-content\/uploads\/2020\/11\/cropped-geoVINUM_favicon_White_1024.png\" \/>\n\t<meta property=\"og:image:width\" content=\"512\" \/>\n\t<meta property=\"og:image:height\" content=\"512\" \/>\n\t<meta property=\"og:image:type\" content=\"image\/png\" \/>\n<meta name=\"twitter:card\" content=\"summary_large_image\" \/>\n<meta name=\"twitter:label1\" content=\"Est. reading time\" \/>\n\t<meta name=\"twitter:data1\" content=\"5 minutes\" \/>\n<script type=\"application\/ld+json\" class=\"yoast-schema-graph\">{\"@context\":\"https:\\\/\\\/schema.org\",\"@graph\":[{\"@type\":\"WebPage\",\"@id\":\"https:\\\/\\\/geovinum.fr\\\/panier\\\/\",\"url\":\"https:\\\/\\\/geovinum.fr\\\/panier\\\/\",\"name\":\"Panier &#8902; geoVINUM\",\"isPartOf\":{\"@id\":\"https:\\\/\\\/geovinum.fr\\\/#website\"},\"primaryImageOfPage\":{\"@id\":\"https:\\\/\\\/geovinum.fr\\\/panier\\\/#primaryimage\"},\"image\":{\"@id\":\"https:\\\/\\\/geovinum.fr\\\/panier\\\/#primaryimage\"},\"thumbnailUrl\":\"https:\\\/\\\/geovinum.fr\\\/wp-content\\\/uploads\\\/2020\\\/11\\\/cropped-geoVINUM_favicon_White_1024.png\",\"datePublished\":\"2021-02-25T07:23:47+00:00\",\"dateModified\":\"2025-08-06T14:08:01+00:00\",\"description\":\"Retrouvez votre panier au sein de notre site pour vous permettre de commander nos cartes viticoles en ligne ! N'attendez plus !\",\"breadcrumb\":{\"@id\":\"https:\\\/\\\/geovinum.fr\\\/panier\\\/#breadcrumb\"},\"inLanguage\":\"en-US\",\"potentialAction\":[{\"@type\":\"ReadAction\",\"target\":[\"https:\\\/\\\/geovinum.fr\\\/panier\\\/\"]}]},{\"@type\":\"ImageObject\",\"inLanguage\":\"en-US\",\"@id\":\"https:\\\/\\\/geovinum.fr\\\/panier\\\/#primaryimage\",\"url\":\"https:\\\/\\\/geovinum.fr\\\/wp-content\\\/uploads\\\/2020\\\/11\\\/cropped-geoVINUM_favicon_White_1024.png\",\"contentUrl\":\"https:\\\/\\\/geovinum.fr\\\/wp-content\\\/uploads\\\/2020\\\/11\\\/cropped-geoVINUM_favicon_White_1024.png\",\"width\":512,\"height\":512,\"caption\":\"geoVINUM_favicon_White\"},{\"@type\":\"BreadcrumbList\",\"@id\":\"https:\\\/\\\/geovinum.fr\\\/panier\\\/#breadcrumb\",\"itemListElement\":[{\"@type\":\"ListItem\",\"position\":1,\"name\":\"Accueil\",\"item\":\"https:\\\/\\\/geovinum.fr\\\/\"},{\"@type\":\"ListItem\",\"position\":2,\"name\":\"Panier\"}]},{\"@type\":\"WebSite\",\"@id\":\"https:\\\/\\\/geovinum.fr\\\/#website\",\"url\":\"https:\\\/\\\/geovinum.fr\\\/\",\"name\":\"geoVINUM\",\"description\":\"Leader de la cartographie viticole \u00e0 360\u00b0\",\"publisher\":{\"@id\":\"https:\\\/\\\/geovinum.fr\\\/#organization\"},\"potentialAction\":[{\"@type\":\"SearchAction\",\"target\":{\"@type\":\"EntryPoint\",\"urlTemplate\":\"https:\\\/\\\/geovinum.fr\\\/?s={search_term_string}\"},\"query-input\":{\"@type\":\"PropertyValueSpecification\",\"valueRequired\":true,\"valueName\":\"search_term_string\"}}],\"inLanguage\":\"en-US\"},{\"@type\":\"Organization\",\"@id\":\"https:\\\/\\\/geovinum.fr\\\/#organization\",\"name\":\"geoVINUM\",\"url\":\"https:\\\/\\\/geovinum.fr\\\/\",\"logo\":{\"@type\":\"ImageObject\",\"inLanguage\":\"en-US\",\"@id\":\"https:\\\/\\\/geovinum.fr\\\/#\\\/schema\\\/logo\\\/image\\\/\",\"url\":\"https:\\\/\\\/geovinum.fr\\\/wp-content\\\/uploads\\\/2020\\\/04\\\/Favicon-GV.png\",\"contentUrl\":\"https:\\\/\\\/geovinum.fr\\\/wp-content\\\/uploads\\\/2020\\\/04\\\/Favicon-GV.png\",\"width\":513,\"height\":512,\"caption\":\"geoVINUM\"},\"image\":{\"@id\":\"https:\\\/\\\/geovinum.fr\\\/#\\\/schema\\\/logo\\\/image\\\/\"}}]}<\/script>\n<!-- \/ Yoast SEO plugin. -->","yoast_head_json":{"title":"Panier &#8902; geoVINUM","description":"Retrouvez votre panier au sein de notre site pour vous permettre de commander nos cartes viticoles en ligne ! N'attendez plus !","robots":{"index":"index","follow":"follow","max-snippet":"max-snippet:-1","max-image-preview":"max-image-preview:large","max-video-preview":"max-video-preview:-1"},"canonical":"https:\/\/geovinum.fr\/panier\/","og_locale":"en_US","og_type":"article","og_title":"Panier &#8902; geoVINUM","og_description":"Retrouvez votre panier au sein de notre site pour vous permettre de commander nos cartes viticoles en ligne ! N'attendez plus !","og_url":"https:\/\/geovinum.fr\/panier\/","og_site_name":"geoVINUM","article_modified_time":"2025-08-06T14:08:01+00:00","og_image":[{"width":512,"height":512,"url":"https:\/\/geovinum.fr\/wp-content\/uploads\/2020\/11\/cropped-geoVINUM_favicon_White_1024.png","type":"image\/png"}],"twitter_card":"summary_large_image","twitter_misc":{"Est. reading time":"5 minutes"},"schema":{"@context":"https:\/\/schema.org","@graph":[{"@type":"WebPage","@id":"https:\/\/geovinum.fr\/panier\/","url":"https:\/\/geovinum.fr\/panier\/","name":"Panier &#8902; geoVINUM","isPartOf":{"@id":"https:\/\/geovinum.fr\/#website"},"primaryImageOfPage":{"@id":"https:\/\/geovinum.fr\/panier\/#primaryimage"},"image":{"@id":"https:\/\/geovinum.fr\/panier\/#primaryimage"},"thumbnailUrl":"https:\/\/geovinum.fr\/wp-content\/uploads\/2020\/11\/cropped-geoVINUM_favicon_White_1024.png","datePublished":"2021-02-25T07:23:47+00:00","dateModified":"2025-08-06T14:08:01+00:00","description":"Retrouvez votre panier au sein de notre site pour vous permettre de commander nos cartes viticoles en ligne ! N'attendez plus !","breadcrumb":{"@id":"https:\/\/geovinum.fr\/panier\/#breadcrumb"},"inLanguage":"en-US","potentialAction":[{"@type":"ReadAction","target":["https:\/\/geovinum.fr\/panier\/"]}]},{"@type":"ImageObject","inLanguage":"en-US","@id":"https:\/\/geovinum.fr\/panier\/#primaryimage","url":"https:\/\/geovinum.fr\/wp-content\/uploads\/2020\/11\/cropped-geoVINUM_favicon_White_1024.png","contentUrl":"https:\/\/geovinum.fr\/wp-content\/uploads\/2020\/11\/cropped-geoVINUM_favicon_White_1024.png","width":512,"height":512,"caption":"geoVINUM_favicon_White"},{"@type":"BreadcrumbList","@id":"https:\/\/geovinum.fr\/panier\/#breadcrumb","itemListElement":[{"@type":"ListItem","position":1,"name":"Accueil","item":"https:\/\/geovinum.fr\/"},{"@type":"ListItem","position":2,"name":"Panier"}]},{"@type":"WebSite","@id":"https:\/\/geovinum.fr\/#website","url":"https:\/\/geovinum.fr\/","name":"geoVINUM","description":"Leader de la cartographie viticole \u00e0 360\u00b0","publisher":{"@id":"https:\/\/geovinum.fr\/#organization"},"potentialAction":[{"@type":"SearchAction","target":{"@type":"EntryPoint","urlTemplate":"https:\/\/geovinum.fr\/?s={search_term_string}"},"query-input":{"@type":"PropertyValueSpecification","valueRequired":true,"valueName":"search_term_string"}}],"inLanguage":"en-US"},{"@type":"Organization","@id":"https:\/\/geovinum.fr\/#organization","name":"geoVINUM","url":"https:\/\/geovinum.fr\/","logo":{"@type":"ImageObject","inLanguage":"en-US","@id":"https:\/\/geovinum.fr\/#\/schema\/logo\/image\/","url":"https:\/\/geovinum.fr\/wp-content\/uploads\/2020\/04\/Favicon-GV.png","contentUrl":"https:\/\/geovinum.fr\/wp-content\/uploads\/2020\/04\/Favicon-GV.png","width":513,"height":512,"caption":"geoVINUM"},"image":{"@id":"https:\/\/geovinum.fr\/#\/schema\/logo\/image\/"}}]}},"_links":{"self":[{"href":"https:\/\/geovinum.fr\/en\/wp-json\/wp\/v2\/pages\/18416","targetHints":{"allow":["GET"]}}],"collection":[{"href":"https:\/\/geovinum.fr\/en\/wp-json\/wp\/v2\/pages"}],"about":[{"href":"https:\/\/geovinum.fr\/en\/wp-json\/wp\/v2\/types\/page"}],"author":[{"embeddable":true,"href":"https:\/\/geovinum.fr\/en\/wp-json\/wp\/v2\/users\/4"}],"replies":[{"embeddable":true,"href":"https:\/\/geovinum.fr\/en\/wp-json\/wp\/v2\/comments?post=18416"}],"version-history":[{"count":1,"href":"https:\/\/geovinum.fr\/en\/wp-json\/wp\/v2\/pages\/18416\/revisions"}],"predecessor-version":[{"id":100761,"href":"https:\/\/geovinum.fr\/en\/wp-json\/wp\/v2\/pages\/18416\/revisions\/100761"}],"wp:featuredmedia":[{"embeddable":true,"href":"https:\/\/geovinum.fr\/en\/wp-json\/wp\/v2\/media\/18075"}],"wp:attachment":[{"href":"https:\/\/geovinum.fr\/en\/wp-json\/wp\/v2\/media?parent=18416"}],"curies":[{"name":"wp","href":"https:\/\/api.w.org\/{rel}","templated":true}]}}