{"id":18415,"date":"2025-08-01T08:23:46","date_gmt":"2025-08-01T06:23:46","guid":{"rendered":"https:\/\/geovinum.fr\/boutique\/\/"},"modified":"2025-08-06T20:55:07","modified_gmt":"2025-08-06T18:55:07","slug":"boutique","status":"publish","type":"page","link":"https:\/\/geovinum.fr\/en\/boutique\/","title":{"rendered":"Boutique"},"content":{"rendered":"[et_pb_section fb_built=&#8221;1&#8243; admin_label=&#8221;section&#8221; _builder_version=&#8221;4.16&#8243; global_colors_info=&#8221;{}&#8221;][et_pb_row admin_label=&#8221;row&#8221; _builder_version=&#8221;4.16&#8243; background_size=&#8221;initial&#8221; background_position=&#8221;top_left&#8221; background_repeat=&#8221;repeat&#8221; global_colors_info=&#8221;{}&#8221;][et_pb_column type=&#8221;4_4&#8243; _builder_version=&#8221;4.16&#8243; custom_padding=&#8221;|||&#8221; global_colors_info=&#8221;{}&#8221; custom_padding__hover=&#8221;|||&#8221;][et_pb_text admin_label=&#8221;Text&#8221; _builder_version=&#8221;4.16&#8243; background_size=&#8221;initial&#8221; background_position=&#8221;top_left&#8221; background_repeat=&#8221;repeat&#8221; global_colors_info=&#8221;{}&#8221;][\/et_pb_text][\/et_pb_column][\/et_pb_row][\/et_pb_section]","protected":false},"excerpt":{"rendered":"","protected":false},"author":4,"featured_media":18900,"parent":0,"menu_order":0,"comment_status":"closed","ping_status":"closed","template":"","meta":{"_et_pb_use_builder":"on","_et_pb_old_content":"<!-- wp:divi\/placeholder \/-->","_et_gb_content_width":"1080","footnotes":""},"class_list":["post-18415","page","type-page","status-publish","has-post-thumbnail","hentry"],"yoast_head":"<!-- This site is optimized with the Yoast SEO plugin v27.3 - https:\/\/yoast.com\/product\/yoast-seo-wordpress\/ -->\n<title>Cartes &amp; posters des vignobles du monde entier &#8902; geoVINUM<\/title>\n<meta name=\"description\" content=\"Plateforme de m\u00e9dia et visuels d\u00e9di\u00e9s \u00e0 la cartographie des vignobles du monde entier. Trouvez les posterss qu&#039;il vous faut en un seul clic !\" \/>\n<meta name=\"robots\" content=\"index, follow, max-snippet:-1, max-image-preview:large, max-video-preview:-1\" \/>\n<link rel=\"canonical\" href=\"https:\/\/geovinum.fr\/boutique\/\" \/>\n<meta property=\"og:locale\" content=\"en_US\" \/>\n<meta property=\"og:type\" content=\"article\" \/>\n<meta property=\"og:title\" content=\"Cartes &amp; posters des vignobles du monde entier &#8902; geoVINUM\" \/>\n<meta property=\"og:description\" content=\"Plateforme de m\u00e9dia et visuels d\u00e9di\u00e9s \u00e0 la cartographie des vignobles du monde entier. Trouvez les posterss qu&#039;il vous faut en un seul clic !\" \/>\n<meta property=\"og:url\" content=\"https:\/\/geovinum.fr\/boutique\/\" \/>\n<meta property=\"og:site_name\" content=\"geoVINUM\" \/>\n<meta property=\"article:modified_time\" content=\"2025-08-06T18:55:07+00:00\" \/>\n<meta property=\"og:image\" content=\"https:\/\/geovinum.fr\/wp-content\/uploads\/Mockup_poster_Vallee-de-la-Loire_Vintage-scaled-scaled.jpg\" \/>\n\t<meta property=\"og:image:width\" content=\"2560\" \/>\n\t<meta property=\"og:image:height\" content=\"1707\" \/>\n\t<meta property=\"og:image:type\" content=\"image\/jpeg\" \/>\n<meta name=\"twitter:card\" content=\"summary_large_image\" \/>\n<meta name=\"twitter:label1\" content=\"Est. reading time\" \/>\n\t<meta name=\"twitter:data1\" content=\"1 minute\" \/>\n<script type=\"application\/ld+json\" class=\"yoast-schema-graph\">{\"@context\":\"https:\\\/\\\/schema.org\",\"@graph\":[{\"@type\":\"WebPage\",\"@id\":\"https:\\\/\\\/geovinum.fr\\\/boutique\\\/\",\"url\":\"https:\\\/\\\/geovinum.fr\\\/boutique\\\/\",\"name\":\"Cartes & posters des vignobles du monde entier &#8902; geoVINUM\",\"isPartOf\":{\"@id\":\"https:\\\/\\\/geovinum.fr\\\/#website\"},\"primaryImageOfPage\":{\"@id\":\"https:\\\/\\\/geovinum.fr\\\/boutique\\\/#primaryimage\"},\"image\":{\"@id\":\"https:\\\/\\\/geovinum.fr\\\/boutique\\\/#primaryimage\"},\"thumbnailUrl\":\"https:\\\/\\\/geovinum.fr\\\/wp-content\\\/uploads\\\/Mockup_poster_Vallee-de-la-Loire_Vintage-scaled-scaled.jpg\",\"datePublished\":\"2025-08-01T06:23:46+00:00\",\"dateModified\":\"2025-08-06T18:55:07+00:00\",\"description\":\"Plateforme de m\u00e9dia et visuels d\u00e9di\u00e9s \u00e0 la cartographie des vignobles du monde entier. Trouvez les posterss qu'il vous faut en un seul clic !\",\"breadcrumb\":{\"@id\":\"https:\\\/\\\/geovinum.fr\\\/boutique\\\/#breadcrumb\"},\"inLanguage\":\"en-US\",\"potentialAction\":[{\"@type\":\"ReadAction\",\"target\":[\"https:\\\/\\\/geovinum.fr\\\/boutique\\\/\"]}]},{\"@type\":\"ImageObject\",\"inLanguage\":\"en-US\",\"@id\":\"https:\\\/\\\/geovinum.fr\\\/boutique\\\/#primaryimage\",\"url\":\"https:\\\/\\\/geovinum.fr\\\/wp-content\\\/uploads\\\/Mockup_poster_Vallee-de-la-Loire_Vintage-scaled-scaled.jpg\",\"contentUrl\":\"https:\\\/\\\/geovinum.fr\\\/wp-content\\\/uploads\\\/Mockup_poster_Vallee-de-la-Loire_Vintage-scaled-scaled.jpg\",\"width\":2560,\"height\":1707,\"caption\":\"Mockup poster Vall\u00e9e de la Loire Vintage\"},{\"@type\":\"BreadcrumbList\",\"@id\":\"https:\\\/\\\/geovinum.fr\\\/boutique\\\/#breadcrumb\",\"itemListElement\":[{\"@type\":\"ListItem\",\"position\":1,\"name\":\"Accueil\",\"item\":\"https:\\\/\\\/geovinum.fr\\\/\"},{\"@type\":\"ListItem\",\"position\":2,\"name\":\"Boutique\"}]},{\"@type\":\"WebSite\",\"@id\":\"https:\\\/\\\/geovinum.fr\\\/#website\",\"url\":\"https:\\\/\\\/geovinum.fr\\\/\",\"name\":\"geoVINUM\",\"description\":\"Leader de la cartographie viticole \u00e0 360\u00b0\",\"publisher\":{\"@id\":\"https:\\\/\\\/geovinum.fr\\\/#organization\"},\"potentialAction\":[{\"@type\":\"SearchAction\",\"target\":{\"@type\":\"EntryPoint\",\"urlTemplate\":\"https:\\\/\\\/geovinum.fr\\\/?s={search_term_string}\"},\"query-input\":{\"@type\":\"PropertyValueSpecification\",\"valueRequired\":true,\"valueName\":\"search_term_string\"}}],\"inLanguage\":\"en-US\"},{\"@type\":\"Organization\",\"@id\":\"https:\\\/\\\/geovinum.fr\\\/#organization\",\"name\":\"geoVINUM\",\"url\":\"https:\\\/\\\/geovinum.fr\\\/\",\"logo\":{\"@type\":\"ImageObject\",\"inLanguage\":\"en-US\",\"@id\":\"https:\\\/\\\/geovinum.fr\\\/#\\\/schema\\\/logo\\\/image\\\/\",\"url\":\"https:\\\/\\\/geovinum.fr\\\/wp-content\\\/uploads\\\/2020\\\/04\\\/Favicon-GV.png\",\"contentUrl\":\"https:\\\/\\\/geovinum.fr\\\/wp-content\\\/uploads\\\/2020\\\/04\\\/Favicon-GV.png\",\"width\":513,\"height\":512,\"caption\":\"geoVINUM\"},\"image\":{\"@id\":\"https:\\\/\\\/geovinum.fr\\\/#\\\/schema\\\/logo\\\/image\\\/\"}}]}<\/script>\n<!-- \/ Yoast SEO plugin. -->","yoast_head_json":{"title":"Cartes & posters des vignobles du monde entier &#8902; geoVINUM","description":"Plateforme de m\u00e9dia et visuels d\u00e9di\u00e9s \u00e0 la cartographie des vignobles du monde entier. Trouvez les posterss qu'il vous faut en un seul clic !","robots":{"index":"index","follow":"follow","max-snippet":"max-snippet:-1","max-image-preview":"max-image-preview:large","max-video-preview":"max-video-preview:-1"},"canonical":"https:\/\/geovinum.fr\/boutique\/","og_locale":"en_US","og_type":"article","og_title":"Cartes & posters des vignobles du monde entier &#8902; geoVINUM","og_description":"Plateforme de m\u00e9dia et visuels d\u00e9di\u00e9s \u00e0 la cartographie des vignobles du monde entier. Trouvez les posterss qu'il vous faut en un seul clic !","og_url":"https:\/\/geovinum.fr\/boutique\/","og_site_name":"geoVINUM","article_modified_time":"2025-08-06T18:55:07+00:00","og_image":[{"width":2560,"height":1707,"url":"https:\/\/geovinum.fr\/wp-content\/uploads\/Mockup_poster_Vallee-de-la-Loire_Vintage-scaled-scaled.jpg","type":"image\/jpeg"}],"twitter_card":"summary_large_image","twitter_misc":{"Est. reading time":"1 minute"},"schema":{"@context":"https:\/\/schema.org","@graph":[{"@type":"WebPage","@id":"https:\/\/geovinum.fr\/boutique\/","url":"https:\/\/geovinum.fr\/boutique\/","name":"Cartes & posters des vignobles du monde entier &#8902; geoVINUM","isPartOf":{"@id":"https:\/\/geovinum.fr\/#website"},"primaryImageOfPage":{"@id":"https:\/\/geovinum.fr\/boutique\/#primaryimage"},"image":{"@id":"https:\/\/geovinum.fr\/boutique\/#primaryimage"},"thumbnailUrl":"https:\/\/geovinum.fr\/wp-content\/uploads\/Mockup_poster_Vallee-de-la-Loire_Vintage-scaled-scaled.jpg","datePublished":"2025-08-01T06:23:46+00:00","dateModified":"2025-08-06T18:55:07+00:00","description":"Plateforme de m\u00e9dia et visuels d\u00e9di\u00e9s \u00e0 la cartographie des vignobles du monde entier. Trouvez les posterss qu'il vous faut en un seul clic !","breadcrumb":{"@id":"https:\/\/geovinum.fr\/boutique\/#breadcrumb"},"inLanguage":"en-US","potentialAction":[{"@type":"ReadAction","target":["https:\/\/geovinum.fr\/boutique\/"]}]},{"@type":"ImageObject","inLanguage":"en-US","@id":"https:\/\/geovinum.fr\/boutique\/#primaryimage","url":"https:\/\/geovinum.fr\/wp-content\/uploads\/Mockup_poster_Vallee-de-la-Loire_Vintage-scaled-scaled.jpg","contentUrl":"https:\/\/geovinum.fr\/wp-content\/uploads\/Mockup_poster_Vallee-de-la-Loire_Vintage-scaled-scaled.jpg","width":2560,"height":1707,"caption":"Mockup poster Vall\u00e9e de la Loire Vintage"},{"@type":"BreadcrumbList","@id":"https:\/\/geovinum.fr\/boutique\/#breadcrumb","itemListElement":[{"@type":"ListItem","position":1,"name":"Accueil","item":"https:\/\/geovinum.fr\/"},{"@type":"ListItem","position":2,"name":"Boutique"}]},{"@type":"WebSite","@id":"https:\/\/geovinum.fr\/#website","url":"https:\/\/geovinum.fr\/","name":"geoVINUM","description":"Leader de la cartographie viticole \u00e0 360\u00b0","publisher":{"@id":"https:\/\/geovinum.fr\/#organization"},"potentialAction":[{"@type":"SearchAction","target":{"@type":"EntryPoint","urlTemplate":"https:\/\/geovinum.fr\/?s={search_term_string}"},"query-input":{"@type":"PropertyValueSpecification","valueRequired":true,"valueName":"search_term_string"}}],"inLanguage":"en-US"},{"@type":"Organization","@id":"https:\/\/geovinum.fr\/#organization","name":"geoVINUM","url":"https:\/\/geovinum.fr\/","logo":{"@type":"ImageObject","inLanguage":"en-US","@id":"https:\/\/geovinum.fr\/#\/schema\/logo\/image\/","url":"https:\/\/geovinum.fr\/wp-content\/uploads\/2020\/04\/Favicon-GV.png","contentUrl":"https:\/\/geovinum.fr\/wp-content\/uploads\/2020\/04\/Favicon-GV.png","width":513,"height":512,"caption":"geoVINUM"},"image":{"@id":"https:\/\/geovinum.fr\/#\/schema\/logo\/image\/"}}]}},"_links":{"self":[{"href":"https:\/\/geovinum.fr\/en\/wp-json\/wp\/v2\/pages\/18415","targetHints":{"allow":["GET"]}}],"collection":[{"href":"https:\/\/geovinum.fr\/en\/wp-json\/wp\/v2\/pages"}],"about":[{"href":"https:\/\/geovinum.fr\/en\/wp-json\/wp\/v2\/types\/page"}],"author":[{"embeddable":true,"href":"https:\/\/geovinum.fr\/en\/wp-json\/wp\/v2\/users\/4"}],"replies":[{"embeddable":true,"href":"https:\/\/geovinum.fr\/en\/wp-json\/wp\/v2\/comments?post=18415"}],"version-history":[{"count":1,"href":"https:\/\/geovinum.fr\/en\/wp-json\/wp\/v2\/pages\/18415\/revisions"}],"predecessor-version":[{"id":100743,"href":"https:\/\/geovinum.fr\/en\/wp-json\/wp\/v2\/pages\/18415\/revisions\/100743"}],"wp:featuredmedia":[{"embeddable":true,"href":"https:\/\/geovinum.fr\/en\/wp-json\/wp\/v2\/media\/18900"}],"wp:attachment":[{"href":"https:\/\/geovinum.fr\/en\/wp-json\/wp\/v2\/media?parent=18415"}],"curies":[{"name":"wp","href":"https:\/\/api.w.org\/{rel}","templated":true}]}}