{"id":17269,"date":"2020-04-27T21:45:44","date_gmt":"2020-04-27T19:45:44","guid":{"rendered":"https:\/\/geovinum.fr\/?page_id=17269"},"modified":"2025-08-08T14:24:30","modified_gmt":"2025-08-08T12:24:30","slug":"mentions-legales","status":"publish","type":"page","link":"https:\/\/geovinum.fr\/en\/mentions-legales\/","title":{"rendered":"Mentions l\u00e9gales"},"content":{"rendered":"<p>[et_pb_section fb_built=&#8221;1&#8243; _builder_version=&#8221;4.27.4&#8243; _module_preset=&#8221;default&#8221; background_color=&#8221;#2E5067&#8243; background_enable_image=&#8221;off&#8221; custom_padding=&#8221;18px||18px||true|false&#8221; locked=&#8221;off&#8221; global_colors_info=&#8221;{}&#8221;][et_pb_row _builder_version=&#8221;4.16&#8243; _module_preset=&#8221;default&#8221; global_colors_info=&#8221;{}&#8221;][et_pb_column type=&#8221;4_4&#8243; _builder_version=&#8221;4.16&#8243; _module_preset=&#8221;default&#8221; global_colors_info=&#8221;{}&#8221;][et_pb_text _builder_version=&#8221;4.27.4&#8243; _module_preset=&#8221;default&#8221; header_font=&#8221;|700|||||||&#8221; header_text_color=&#8221;#F8F8F8&#8243; header_font_size=&#8221;50px&#8221; header_font_size_tablet=&#8221;&#8221; header_font_size_phone=&#8221;30px&#8221; header_font_size_last_edited=&#8221;on|phone&#8221; global_colors_info=&#8221;{}&#8221;]<\/p>\n<h1 style=\"text-align: center;\"><b>MENTIONS LEGALES<\/b><\/h1>\n<p>[\/et_pb_text][\/et_pb_column][\/et_pb_row][\/et_pb_section][et_pb_section fb_built=&#8221;1&#8243; custom_padding_last_edited=&#8221;on|desktop&#8221; admin_label=&#8221;Promo&#8221; _builder_version=&#8221;4.17.3&#8243; custom_padding=&#8221;0px|200px|0px|200px|false|true&#8221; custom_padding_tablet=&#8221;0px|0px|0px|0px|false|true&#8221; custom_padding_phone=&#8221;&#8221; global_colors_info=&#8221;{}&#8221;][et_pb_row _builder_version=&#8221;4.16&#8243; locked=&#8221;off&#8221; global_colors_info=&#8221;{}&#8221;][et_pb_column type=&#8221;4_4&#8243; _builder_version=&#8221;4.16&#8243; custom_padding=&#8221;|||&#8221; global_colors_info=&#8221;{}&#8221; custom_padding__hover=&#8221;|||&#8221;][et_pb_text _builder_version=&#8221;4.27.4&#8243; header_2_text_color=&#8221;#CE1A5F&#8221; header_2_font_size=&#8221;30px&#8221; text_orientation=&#8221;justified&#8221; locked=&#8221;off&#8221; global_colors_info=&#8221;{}&#8221;]<\/p>\n<h2 data-start=\"157\" data-end=\"180\">1. \u00c9diteur du site<\/h2>\n<p data-start=\"181\" data-end=\"263\">Le pr\u00e9sent site, accessible \u00e0 l\u2019adresse <strong data-start=\"221\" data-end=\"244\"><a data-start=\"223\" data-end=\"242\" rel=\"noopener\" target=\"_new\" class=\"\" href=\"https:\/\/geovinum.fr\">https:\/\/geovinum.fr<\/a><\/strong>, est \u00e9dit\u00e9 par :<\/p>\n<p data-start=\"265\" data-end=\"589\"><strong data-start=\"265\" data-end=\"273\">ETOH<\/strong><br data-start=\"273\" data-end=\"276\" \/>SAS au capital social de 51 000,00 \u20ac<br data-start=\"312\" data-end=\"315\" \/>Si\u00e8ge social : 9 Rue des Colonnes, 75002 Paris, France<br data-start=\"369\" data-end=\"372\" \/>SIREN : 828 397 745<br data-start=\"391\" data-end=\"394\" \/>SIRET (si\u00e8ge) : 828 397 745 00062<br data-start=\"427\" data-end=\"430\" \/>RCS : 828 397 745 R.C.S. Paris<br data-start=\"460\" data-end=\"463\" \/>Num\u00e9ro de TVA intracommunautaire : FR91828397745<br data-start=\"511\" data-end=\"514\" \/>Pr\u00e9sidente : Audrey SOUSA CHAILLET<br data-start=\"548\" data-end=\"551\" \/>Email de contact : <a data-start=\"570\" data-end=\"587\" class=\"cursor-pointer\" rel=\"noopener\">hello@geovinum.fr<\/a><\/p>\n<h2 data-start=\"591\" data-end=\"608\"><\/h2>\n<h2 data-start=\"591\" data-end=\"608\">2. H\u00e9bergeur<\/h2>\n<p data-start=\"609\" data-end=\"636\">Le site est h\u00e9berg\u00e9 par :<\/p>\n<p data-start=\"638\" data-end=\"775\"><strong data-start=\"638\" data-end=\"653\">Kinsta Inc.<\/strong><br data-start=\"653\" data-end=\"656\" \/>8605 Santa Monica Blvd #92581, West Hollywood, CA 90069, \u00c9tats-Unis<br data-start=\"723\" data-end=\"726\" \/>Site : <a data-start=\"733\" data-end=\"773\" rel=\"noopener\" target=\"_new\" class=\"cursor-pointer\">https:\/\/kinsta.com<\/a><\/p>\n<p data-start=\"777\" data-end=\"949\">Les donn\u00e9es h\u00e9berg\u00e9es par Kinsta peuvent \u00eatre stock\u00e9es hors Union europ\u00e9enne. Les transferts sont encadr\u00e9s par les clauses contractuelles types de la Commission europ\u00e9enne.<\/p>\n<h2 data-start=\"951\" data-end=\"983\"><\/h2>\n<h2 data-start=\"951\" data-end=\"983\">3. Propri\u00e9t\u00e9 intellectuelle<\/h2>\n<p data-start=\"984\" data-end=\"1448\">L\u2019ensemble des \u00e9l\u00e9ments du site geovinum.fr (textes, images, graphismes, logo, ic\u00f4nes, sons, logiciels, etc.) est prot\u00e9g\u00e9 par le droit d\u2019auteur et la propri\u00e9t\u00e9 intellectuelle, et est la propri\u00e9t\u00e9 exclusive de ETOH, sauf mention contraire.<br data-start=\"1222\" data-end=\"1225\" \/>Toute reproduction, repr\u00e9sentation, modification, publication ou adaptation, totale ou partielle, des \u00e9l\u00e9ments du site, quel que soit le moyen ou le proc\u00e9d\u00e9 utilis\u00e9, est interdite sans autorisation \u00e9crite pr\u00e9alable de ETOH.<\/p>\n<h2 data-start=\"1450\" data-end=\"1493\"><\/h2>\n<h2 data-start=\"1450\" data-end=\"1493\">4. Protection des donn\u00e9es personnelles<\/h2>\n<p data-start=\"1494\" data-end=\"1981\">Les donn\u00e9es collect\u00e9es via le site geovinum.fr sont trait\u00e9es conform\u00e9ment \u00e0 la r\u00e9glementation en vigueur et au R\u00e8glement G\u00e9n\u00e9ral sur la Protection des Donn\u00e9es (RGPD).<br data-start=\"1660\" data-end=\"1663\" \/>Pour plus d\u2019informations, veuillez consulter notre <strong data-start=\"1714\" data-end=\"1746\">Politique de confidentialit\u00e9<\/strong>.<br data-start=\"1747\" data-end=\"1750\" \/>Vous disposez d\u2019un droit d\u2019acc\u00e8s, de rectification, d\u2019effacement et de portabilit\u00e9 de vos donn\u00e9es, ainsi que d\u2019un droit d\u2019opposition et de limitation de leur traitement.<br data-start=\"1919\" data-end=\"1922\" \/>Pour exercer ces droits, contactez : <strong data-start=\"1959\" data-end=\"1980\"><a data-start=\"1961\" data-end=\"1978\" class=\"cursor-pointer\" rel=\"noopener\">hello@geovinum.fr<\/a><\/strong>.<\/p>\n<h2 data-start=\"1983\" data-end=\"2019\"><\/h2>\n<h2 data-start=\"1983\" data-end=\"2019\">5. Limitation de responsabilit\u00e9<\/h2>\n<p data-start=\"2020\" data-end=\"2330\">ETOH met tout en \u0153uvre pour fournir des informations exactes et \u00e0 jour sur le site. Toutefois, ETOH ne peut \u00eatre tenue responsable des omissions, inexactitudes ou carences, qu\u2019elles soient de son fait ou du fait de tiers partenaires.<br data-start=\"2253\" data-end=\"2256\" \/>L\u2019utilisateur reconna\u00eet utiliser le site sous sa responsabilit\u00e9 exclusive.<\/p>\n<h2 data-start=\"2332\" data-end=\"2384\"><\/h2>\n<h2 data-start=\"2332\" data-end=\"2384\">6. Loi applicable et attribution de juridiction<\/h2>\n<p data-start=\"2385\" data-end=\"2551\">Les pr\u00e9sentes mentions l\u00e9gales sont r\u00e9gies par la loi fran\u00e7aise.<br data-start=\"2449\" data-end=\"2452\" \/>Tout litige relatif \u00e0 leur interpr\u00e9tation et\/ou ex\u00e9cution rel\u00e8ve des tribunaux comp\u00e9tents de Paris.<\/p>\n<p>[\/et_pb_text][\/et_pb_column][\/et_pb_row][\/et_pb_section]<\/p>\n","protected":false},"excerpt":{"rendered":"<p>MENTIONS LEGALES1. \u00c9diteur du site Le pr\u00e9sent site, accessible \u00e0 l\u2019adresse https:\/\/geovinum.fr, est \u00e9dit\u00e9 par : ETOHSAS au capital social de 51 000,00 \u20acSi\u00e8ge social : 9 Rue des Colonnes, 75002 Paris, FranceSIREN : 828 397 745SIRET (si\u00e8ge) : 828 397 745 00062RCS : 828 397 745 R.C.S. ParisNum\u00e9ro de TVA intracommunautaire : FR91828397745Pr\u00e9sidente : [&hellip;]<\/p>\n","protected":false},"author":4,"featured_media":18075,"parent":0,"menu_order":0,"comment_status":"closed","ping_status":"closed","template":"","meta":{"_et_pb_use_builder":"on","_et_pb_old_content":"","_et_gb_content_width":"","footnotes":""},"class_list":["post-17269","page","type-page","status-publish","has-post-thumbnail","hentry"],"yoast_head":"<!-- This site is optimized with the Yoast SEO plugin v27.3 - https:\/\/yoast.com\/product\/yoast-seo-wordpress\/ -->\n<title>Consultez les mentions l\u00e9gales de notre site &#8902; geoVINUM<\/title>\n<meta name=\"description\" content=\"Consultez sur notre page les mentions l\u00e9gales de notre site geovinum.fr, comportant toutes les informations essentielles.\" \/>\n<meta name=\"robots\" content=\"index, follow, max-snippet:-1, max-image-preview:large, max-video-preview:-1\" \/>\n<link rel=\"canonical\" href=\"https:\/\/geovinum.fr\/mentions-legales\/\" \/>\n<meta property=\"og:locale\" content=\"en_US\" \/>\n<meta property=\"og:type\" content=\"article\" \/>\n<meta property=\"og:title\" content=\"Consultez les mentions l\u00e9gales de notre site &#8902; geoVINUM\" \/>\n<meta property=\"og:description\" content=\"Consultez sur notre page les mentions l\u00e9gales de notre site geovinum.fr, comportant toutes les informations essentielles.\" \/>\n<meta property=\"og:url\" content=\"https:\/\/geovinum.fr\/mentions-legales\/\" \/>\n<meta property=\"og:site_name\" content=\"geoVINUM\" \/>\n<meta property=\"article:modified_time\" content=\"2025-08-08T12:24:30+00:00\" \/>\n<meta property=\"og:image\" content=\"https:\/\/geovinum.fr\/wp-content\/uploads\/2020\/11\/cropped-geoVINUM_favicon_White_1024.png\" \/>\n\t<meta property=\"og:image:width\" content=\"512\" \/>\n\t<meta property=\"og:image:height\" content=\"512\" \/>\n\t<meta property=\"og:image:type\" content=\"image\/png\" \/>\n<meta name=\"twitter:card\" content=\"summary_large_image\" \/>\n<meta name=\"twitter:label1\" content=\"Est. reading time\" \/>\n\t<meta name=\"twitter:data1\" content=\"4 minutes\" \/>\n<script type=\"application\/ld+json\" class=\"yoast-schema-graph\">{\"@context\":\"https:\\\/\\\/schema.org\",\"@graph\":[{\"@type\":\"WebPage\",\"@id\":\"https:\\\/\\\/geovinum.fr\\\/mentions-legales\\\/\",\"url\":\"https:\\\/\\\/geovinum.fr\\\/mentions-legales\\\/\",\"name\":\"Consultez les mentions l\u00e9gales de notre site &#8902; geoVINUM\",\"isPartOf\":{\"@id\":\"https:\\\/\\\/geovinum.fr\\\/#website\"},\"primaryImageOfPage\":{\"@id\":\"https:\\\/\\\/geovinum.fr\\\/mentions-legales\\\/#primaryimage\"},\"image\":{\"@id\":\"https:\\\/\\\/geovinum.fr\\\/mentions-legales\\\/#primaryimage\"},\"thumbnailUrl\":\"https:\\\/\\\/geovinum.fr\\\/wp-content\\\/uploads\\\/2020\\\/11\\\/cropped-geoVINUM_favicon_White_1024.png\",\"datePublished\":\"2020-04-27T19:45:44+00:00\",\"dateModified\":\"2025-08-08T12:24:30+00:00\",\"description\":\"Consultez sur notre page les mentions l\u00e9gales de notre site geovinum.fr, comportant toutes les informations essentielles.\",\"breadcrumb\":{\"@id\":\"https:\\\/\\\/geovinum.fr\\\/mentions-legales\\\/#breadcrumb\"},\"inLanguage\":\"en-US\",\"potentialAction\":[{\"@type\":\"ReadAction\",\"target\":[\"https:\\\/\\\/geovinum.fr\\\/mentions-legales\\\/\"]}]},{\"@type\":\"ImageObject\",\"inLanguage\":\"en-US\",\"@id\":\"https:\\\/\\\/geovinum.fr\\\/mentions-legales\\\/#primaryimage\",\"url\":\"https:\\\/\\\/geovinum.fr\\\/wp-content\\\/uploads\\\/2020\\\/11\\\/cropped-geoVINUM_favicon_White_1024.png\",\"contentUrl\":\"https:\\\/\\\/geovinum.fr\\\/wp-content\\\/uploads\\\/2020\\\/11\\\/cropped-geoVINUM_favicon_White_1024.png\",\"width\":512,\"height\":512,\"caption\":\"geoVINUM_favicon_White\"},{\"@type\":\"BreadcrumbList\",\"@id\":\"https:\\\/\\\/geovinum.fr\\\/mentions-legales\\\/#breadcrumb\",\"itemListElement\":[{\"@type\":\"ListItem\",\"position\":1,\"name\":\"Accueil\",\"item\":\"https:\\\/\\\/geovinum.fr\\\/\"},{\"@type\":\"ListItem\",\"position\":2,\"name\":\"Mentions l\u00e9gales\"}]},{\"@type\":\"WebSite\",\"@id\":\"https:\\\/\\\/geovinum.fr\\\/#website\",\"url\":\"https:\\\/\\\/geovinum.fr\\\/\",\"name\":\"geoVINUM\",\"description\":\"Leader de la cartographie viticole \u00e0 360\u00b0\",\"publisher\":{\"@id\":\"https:\\\/\\\/geovinum.fr\\\/#organization\"},\"potentialAction\":[{\"@type\":\"SearchAction\",\"target\":{\"@type\":\"EntryPoint\",\"urlTemplate\":\"https:\\\/\\\/geovinum.fr\\\/?s={search_term_string}\"},\"query-input\":{\"@type\":\"PropertyValueSpecification\",\"valueRequired\":true,\"valueName\":\"search_term_string\"}}],\"inLanguage\":\"en-US\"},{\"@type\":\"Organization\",\"@id\":\"https:\\\/\\\/geovinum.fr\\\/#organization\",\"name\":\"geoVINUM\",\"url\":\"https:\\\/\\\/geovinum.fr\\\/\",\"logo\":{\"@type\":\"ImageObject\",\"inLanguage\":\"en-US\",\"@id\":\"https:\\\/\\\/geovinum.fr\\\/#\\\/schema\\\/logo\\\/image\\\/\",\"url\":\"https:\\\/\\\/geovinum.fr\\\/wp-content\\\/uploads\\\/2020\\\/04\\\/Favicon-GV.png\",\"contentUrl\":\"https:\\\/\\\/geovinum.fr\\\/wp-content\\\/uploads\\\/2020\\\/04\\\/Favicon-GV.png\",\"width\":513,\"height\":512,\"caption\":\"geoVINUM\"},\"image\":{\"@id\":\"https:\\\/\\\/geovinum.fr\\\/#\\\/schema\\\/logo\\\/image\\\/\"}}]}<\/script>\n<!-- \/ Yoast SEO plugin. -->","yoast_head_json":{"title":"Consultez les mentions l\u00e9gales de notre site &#8902; geoVINUM","description":"Consultez sur notre page les mentions l\u00e9gales de notre site geovinum.fr, comportant toutes les informations essentielles.","robots":{"index":"index","follow":"follow","max-snippet":"max-snippet:-1","max-image-preview":"max-image-preview:large","max-video-preview":"max-video-preview:-1"},"canonical":"https:\/\/geovinum.fr\/mentions-legales\/","og_locale":"en_US","og_type":"article","og_title":"Consultez les mentions l\u00e9gales de notre site &#8902; geoVINUM","og_description":"Consultez sur notre page les mentions l\u00e9gales de notre site geovinum.fr, comportant toutes les informations essentielles.","og_url":"https:\/\/geovinum.fr\/mentions-legales\/","og_site_name":"geoVINUM","article_modified_time":"2025-08-08T12:24:30+00:00","og_image":[{"width":512,"height":512,"url":"https:\/\/geovinum.fr\/wp-content\/uploads\/2020\/11\/cropped-geoVINUM_favicon_White_1024.png","type":"image\/png"}],"twitter_card":"summary_large_image","twitter_misc":{"Est. reading time":"4 minutes"},"schema":{"@context":"https:\/\/schema.org","@graph":[{"@type":"WebPage","@id":"https:\/\/geovinum.fr\/mentions-legales\/","url":"https:\/\/geovinum.fr\/mentions-legales\/","name":"Consultez les mentions l\u00e9gales de notre site &#8902; geoVINUM","isPartOf":{"@id":"https:\/\/geovinum.fr\/#website"},"primaryImageOfPage":{"@id":"https:\/\/geovinum.fr\/mentions-legales\/#primaryimage"},"image":{"@id":"https:\/\/geovinum.fr\/mentions-legales\/#primaryimage"},"thumbnailUrl":"https:\/\/geovinum.fr\/wp-content\/uploads\/2020\/11\/cropped-geoVINUM_favicon_White_1024.png","datePublished":"2020-04-27T19:45:44+00:00","dateModified":"2025-08-08T12:24:30+00:00","description":"Consultez sur notre page les mentions l\u00e9gales de notre site geovinum.fr, comportant toutes les informations essentielles.","breadcrumb":{"@id":"https:\/\/geovinum.fr\/mentions-legales\/#breadcrumb"},"inLanguage":"en-US","potentialAction":[{"@type":"ReadAction","target":["https:\/\/geovinum.fr\/mentions-legales\/"]}]},{"@type":"ImageObject","inLanguage":"en-US","@id":"https:\/\/geovinum.fr\/mentions-legales\/#primaryimage","url":"https:\/\/geovinum.fr\/wp-content\/uploads\/2020\/11\/cropped-geoVINUM_favicon_White_1024.png","contentUrl":"https:\/\/geovinum.fr\/wp-content\/uploads\/2020\/11\/cropped-geoVINUM_favicon_White_1024.png","width":512,"height":512,"caption":"geoVINUM_favicon_White"},{"@type":"BreadcrumbList","@id":"https:\/\/geovinum.fr\/mentions-legales\/#breadcrumb","itemListElement":[{"@type":"ListItem","position":1,"name":"Accueil","item":"https:\/\/geovinum.fr\/"},{"@type":"ListItem","position":2,"name":"Mentions l\u00e9gales"}]},{"@type":"WebSite","@id":"https:\/\/geovinum.fr\/#website","url":"https:\/\/geovinum.fr\/","name":"geoVINUM","description":"Leader de la cartographie viticole \u00e0 360\u00b0","publisher":{"@id":"https:\/\/geovinum.fr\/#organization"},"potentialAction":[{"@type":"SearchAction","target":{"@type":"EntryPoint","urlTemplate":"https:\/\/geovinum.fr\/?s={search_term_string}"},"query-input":{"@type":"PropertyValueSpecification","valueRequired":true,"valueName":"search_term_string"}}],"inLanguage":"en-US"},{"@type":"Organization","@id":"https:\/\/geovinum.fr\/#organization","name":"geoVINUM","url":"https:\/\/geovinum.fr\/","logo":{"@type":"ImageObject","inLanguage":"en-US","@id":"https:\/\/geovinum.fr\/#\/schema\/logo\/image\/","url":"https:\/\/geovinum.fr\/wp-content\/uploads\/2020\/04\/Favicon-GV.png","contentUrl":"https:\/\/geovinum.fr\/wp-content\/uploads\/2020\/04\/Favicon-GV.png","width":513,"height":512,"caption":"geoVINUM"},"image":{"@id":"https:\/\/geovinum.fr\/#\/schema\/logo\/image\/"}}]}},"_links":{"self":[{"href":"https:\/\/geovinum.fr\/en\/wp-json\/wp\/v2\/pages\/17269","targetHints":{"allow":["GET"]}}],"collection":[{"href":"https:\/\/geovinum.fr\/en\/wp-json\/wp\/v2\/pages"}],"about":[{"href":"https:\/\/geovinum.fr\/en\/wp-json\/wp\/v2\/types\/page"}],"author":[{"embeddable":true,"href":"https:\/\/geovinum.fr\/en\/wp-json\/wp\/v2\/users\/4"}],"replies":[{"embeddable":true,"href":"https:\/\/geovinum.fr\/en\/wp-json\/wp\/v2\/comments?post=17269"}],"version-history":[{"count":2,"href":"https:\/\/geovinum.fr\/en\/wp-json\/wp\/v2\/pages\/17269\/revisions"}],"predecessor-version":[{"id":100857,"href":"https:\/\/geovinum.fr\/en\/wp-json\/wp\/v2\/pages\/17269\/revisions\/100857"}],"wp:featuredmedia":[{"embeddable":true,"href":"https:\/\/geovinum.fr\/en\/wp-json\/wp\/v2\/media\/18075"}],"wp:attachment":[{"href":"https:\/\/geovinum.fr\/en\/wp-json\/wp\/v2\/media?parent=17269"}],"curies":[{"name":"wp","href":"https:\/\/api.w.org\/{rel}","templated":true}]}}